{"id":755,"date":"2024-12-15T18:22:54","date_gmt":"2024-12-15T21:22:54","guid":{"rendered":"https:\/\/cmsf.org.ar\/sitio\/?page_id=755"},"modified":"2025-12-05T11:16:07","modified_gmt":"2025-12-05T14:16:07","slug":"delegados","status":"publish","type":"page","link":"https:\/\/colmedicosantafe1.org.ar\/?page_id=755","title":{"rendered":"Delegados"},"content":{"rendered":"\n<figure class=\"wp-block-image size-large\"><img loading=\"lazy\" decoding=\"async\" width=\"1024\" height=\"175\" src=\"https:\/\/colmedicosantafe1.org.ar\/wp-content\/uploads\/2024\/12\/delagados-1024x175.png\" alt=\"\" class=\"wp-image-756\" srcset=\"https:\/\/colmedicosantafe1.org.ar\/wp-content\/uploads\/2024\/12\/delagados-1024x175.png 1024w, https:\/\/colmedicosantafe1.org.ar\/wp-content\/uploads\/2024\/12\/delagados-300x51.png 300w, https:\/\/colmedicosantafe1.org.ar\/wp-content\/uploads\/2024\/12\/delagados-768x131.png 768w, https:\/\/colmedicosantafe1.org.ar\/wp-content\/uploads\/2024\/12\/delagados.png 1145w\" sizes=\"auto, (max-width: 1024px) 100vw, 1024px\" \/><\/figure>\n\n\n\n<div style=\"height:75px\" aria-hidden=\"true\" class=\"wp-block-spacer\"><\/div>\n\n\n\n<div class=\"wp-block-group has-small-font-size is-content-justification-space-between is-layout-flex wp-container-core-group-is-layout-7da34192 wp-block-group-is-layout-flex\" style=\"border-radius:0px;margin-top:var(--wp--preset--spacing--10);margin-bottom:var(--wp--preset--spacing--10)\">\n<div class=\"wp-block-group has-small-font-size wp-container-content-9cfa9a5a is-content-justification-space-between is-layout-flex wp-container-core-group-is-layout-7da34192 wp-block-group-is-layout-flex\" style=\"border-radius:0px;margin-top:var(--wp--preset--spacing--10);margin-bottom:var(--wp--preset--spacing--10)\">\n<div class=\"wp-block-columns wp-container-content-9cfa9a5a is-layout-flex wp-container-core-columns-is-layout-65e523f9 wp-block-columns-is-layout-flex\">\n<div class=\"wp-block-column fila-sombreada is-layout-flow wp-block-column-is-layout-flow\" style=\"flex-basis:100%\">\n<p class=\"has-base-background-color has-background has-small-font-size\"><strong>9 DE JULIO<\/strong><br>Dr. Alberto Emiliano LOPEZ<br>Dra. Mar\u00eda Eugenia CARRU<\/p>\n<\/div>\n\n\n\n<div class=\"wp-block-column fila-sombreada is-layout-flow wp-block-column-is-layout-flow\" style=\"flex-basis:100%\">\n<p class=\"has-base-background-color has-background has-small-font-size\"><strong>GARAY<\/strong><br>Dra. Arcelia Marta FERNANDEZ<br>Dr. Hugo Juan GRIMALT<\/p>\n<\/div>\n\n\n\n<div class=\"wp-block-column fila-sombreada is-layout-flow wp-block-column-is-layout-flow\" style=\"flex-basis:100%\">\n<p class=\"has-base-background-color has-background has-small-font-size\"><strong>SAN JAVIER<\/strong><br>Dr. Lucas Rafael BIELSA<br>Dra. Silvia M\u00f3nica BISIO<\/p>\n<\/div>\n<\/div>\n<\/div>\n<\/div>\n\n\n\n<div class=\"wp-block-group has-small-font-size is-content-justification-space-between is-layout-flex wp-container-core-group-is-layout-7da34192 wp-block-group-is-layout-flex\" style=\"border-radius:0px;margin-top:var(--wp--preset--spacing--10);margin-bottom:var(--wp--preset--spacing--10)\">\n<div class=\"wp-block-group has-small-font-size wp-container-content-9cfa9a5a is-content-justification-space-between is-layout-flex wp-container-core-group-is-layout-7da34192 wp-block-group-is-layout-flex\" style=\"border-radius:0px;margin-top:var(--wp--preset--spacing--10);margin-bottom:var(--wp--preset--spacing--10)\">\n<div class=\"wp-block-columns wp-container-content-9cfa9a5a is-layout-flex wp-container-core-columns-is-layout-65e523f9 wp-block-columns-is-layout-flex\">\n<div class=\"wp-block-column fila-sombreada is-layout-flow wp-block-column-is-layout-flow\" style=\"flex-basis:100%\">\n<p class=\"has-base-background-color has-background has-small-font-size\"><strong>VERA<\/strong><br>\u2028Dr. Jorge FERREYRA<br>Dr. Claudio SARRAMONA<br>Dra. Luisina Guadalupe PRETTO<\/p>\n<\/div>\n\n\n\n<div class=\"wp-block-column fila-sombreada is-layout-flow wp-block-column-is-layout-flow\" style=\"flex-basis:100%\">\n<p class=\"has-base-background-color has-background has-small-font-size\"><strong>SAN JUSTO<\/strong><br>\u2028Dr. Roberto DOGLIOLI<br>Dra. Danisa E. BELTRAMINO<br>Dr. Raul Horacio DIDIER<\/p>\n<\/div>\n\n\n\n<div class=\"wp-block-column fila-sombreada is-layout-flow wp-block-column-is-layout-flow\" style=\"flex-basis:100%\">\n<p class=\"has-base-background-color has-background has-small-font-size\"><strong>SAN CRIST\u00d3BAL<\/strong><br>Dr. Nelcar PAIRA\u2028<br>Dr. Orlando Hugo A. ZENOBI<br>Dr. Denas BACA GIMENEZ<\/p>\n<\/div>\n<\/div>\n<\/div>\n<\/div>\n\n\n\n<div class=\"wp-block-group has-small-font-size is-content-justification-space-between is-layout-flex wp-container-core-group-is-layout-7da34192 wp-block-group-is-layout-flex\" style=\"border-radius:0px;margin-top:var(--wp--preset--spacing--10);margin-bottom:var(--wp--preset--spacing--10)\">\n<div class=\"wp-block-group has-small-font-size wp-container-content-9cfa9a5a is-content-justification-space-between is-layout-flex wp-container-core-group-is-layout-7da34192 wp-block-group-is-layout-flex\" style=\"border-radius:0px;margin-top:var(--wp--preset--spacing--10);margin-bottom:var(--wp--preset--spacing--10)\">\n<div class=\"wp-block-columns wp-container-content-9cfa9a5a is-layout-flex wp-container-core-columns-is-layout-65e523f9 wp-block-columns-is-layout-flex\">\n<div class=\"wp-block-column fila-sombreada is-layout-flow wp-block-column-is-layout-flow\" style=\"flex-basis:100%\">\n<p class=\"has-base-background-color has-background has-small-font-size\"><strong>CASTELLANOS<\/strong><br>Dr. Julio Cesar BEDINI<br>Dr. Jorge Alberto BERTRAM<br>Dr. Diego Nicolas SAKR<br>Dr. Guillermo Lu\u00eds FIGUEROA<br>Dr. Miguel \u00c1ngel DALLAGLIO<br>Dr. Ma. Jos\u00e9 GUERRERO PAREDES<\/p>\n<\/div>\n\n\n\n<div class=\"wp-block-column fila-sombreada is-layout-flow wp-block-column-is-layout-flow\" style=\"flex-basis:100%\">\n<p class=\"has-base-background-color has-background has-small-font-size\"><strong>GENERAL OBLIGADO<\/strong><br>Dra. Carolina CARDOZO<br>Dr. Alejandro MANSUR<br>Dr. Daniel RAFEL<br>Dr. Roberto ZARZUELO<br>Dr. Gilberto NUZZARELLO<br>Dra. Evelin CIDRAL MUNIZ<\/p>\n<\/div>\n\n\n\n<div class=\"wp-block-column fila-sombreada is-layout-flow wp-block-column-is-layout-flow\" style=\"flex-basis:100%\">\n<p class=\"has-base-background-color has-background has-small-font-size\"><strong>LA CAPITAL<\/strong><br>Dr. Francisco VILLANO<br>Dra. Estela M. IMOBERDOF<br>Dr. Carlos Daniel ALICO<br>Dr. Omar YERMANOS YUNES<br>Dr. Fernando REDONDO<br>Dr. Anibal GASTALDI<br>Dra. Susana SAVORE<\/p>\n<\/div>\n<\/div>\n<\/div>\n<\/div>\n\n\n\n<div class=\"wp-block-group has-small-font-size is-content-justification-space-between is-layout-flex wp-container-core-group-is-layout-7da34192 wp-block-group-is-layout-flex\" style=\"border-radius:0px;margin-top:var(--wp--preset--spacing--10);margin-bottom:var(--wp--preset--spacing--10)\">\n<div class=\"wp-block-group has-small-font-size wp-container-content-9cfa9a5a is-content-justification-space-between is-layout-flex wp-container-core-group-is-layout-7da34192 wp-block-group-is-layout-flex\" style=\"border-radius:0px;margin-top:var(--wp--preset--spacing--10);margin-bottom:var(--wp--preset--spacing--10)\">\n<div class=\"wp-block-columns wp-container-content-9cfa9a5a is-layout-flex wp-container-core-columns-is-layout-65e523f9 wp-block-columns-is-layout-flex\">\n<div class=\"wp-block-column fila-sombreada is-layout-flow wp-block-column-is-layout-flow\" style=\"flex-basis:100%\">\n<p class=\"has-base-background-color has-background has-small-font-size\"><strong>SAN JER\u00d3NIMO<\/strong><br>Dr. Carlos CHAILLOU<br>Dra. Mar\u00eda Soledad LLAHYAH<br>Dr. Mario Lu\u00eds LORENZATTI<br>Dr. Miguel Angel APODACA<\/p>\n<\/div>\n\n\n\n<div class=\"wp-block-column fila-sombreada is-layout-flow wp-block-column-is-layout-flow\" style=\"flex-basis:100%\">\n<p class=\"has-base-background-color has-background has-small-font-size\"><strong>SAN MART\u00cdN<\/strong><br>Dr. Hector Anibal VEGA<br>Dr. Carlos Alberto SALVATIERRA<br>Dr. Rodolfo Antonio SIEGEL<br>Dr. Livio Oscar LEPORE<\/p>\n<\/div>\n\n\n\n<div class=\"wp-block-column fila-sombreada is-layout-flow wp-block-column-is-layout-flow\" style=\"flex-basis:100%\">\n<p class=\"has-base-background-color has-background has-small-font-size\"><strong>LAS COLONIAS<\/strong><br>Dr. Nora Maria Rosa BOCCARDO<br>Dr. Arturo Baltazar SERRANO<br>Dr. Jose Maria ALBRECHT<br>Dr. Gabriel HACHUEL<br>Dr. Jorge Alberto MARENGO<\/p>\n<\/div>\n<\/div>\n<\/div>\n<\/div>\n","protected":false},"excerpt":{"rendered":"<p>9 DE JULIODr. Alberto Emiliano LOPEZDra. Mar\u00eda Eugenia CARRU GARAYDra. Arcelia Marta FERNANDEZDr. Hugo Juan GRIMALT SAN JAVIERDr. Lucas Rafael BIELSADra. Silvia M\u00f3nica BISIO VERA\u2028Dr. Jorge FERREYRADr. Claudio SARRAMONADra. Luisina Guadalupe PRETTO SAN JUSTO\u2028Dr. Roberto DOGLIOLIDra. Danisa E. BELTRAMINODr. Raul Horacio DIDIER SAN CRIST\u00d3BALDr. Nelcar PAIRA\u2028Dr. Orlando Hugo A. ZENOBIDr. Denas BACA GIMENEZ CASTELLANOSDr. Julio [&hellip;]<\/p>\n","protected":false},"author":1,"featured_media":0,"parent":0,"menu_order":0,"comment_status":"closed","ping_status":"closed","template":"","meta":{"_uag_custom_page_level_css":"","footnotes":""},"class_list":["post-755","page","type-page","status-publish","hentry"],"jetpack_sharing_enabled":true,"uagb_featured_image_src":{"full":false,"thumbnail":false,"medium":false,"medium_large":false,"large":false,"1536x1536":false,"2048x2048":false},"uagb_author_info":{"display_name":"admin","author_link":"https:\/\/colmedicosantafe1.org.ar\/?author=1"},"uagb_comment_info":0,"uagb_excerpt":"9 DE JULIODr. Alberto Emiliano LOPEZDra. Mar\u00eda Eugenia CARRU GARAYDra. Arcelia Marta FERNANDEZDr. Hugo Juan GRIMALT SAN JAVIERDr. Lucas Rafael BIELSADra. Silvia M\u00f3nica BISIO VERA\u2028Dr. Jorge FERREYRADr. Claudio SARRAMONADra. Luisina Guadalupe PRETTO SAN JUSTO\u2028Dr. Roberto DOGLIOLIDra. Danisa E. BELTRAMINODr. Raul Horacio DIDIER SAN CRIST\u00d3BALDr. Nelcar PAIRA\u2028Dr. Orlando Hugo A. ZENOBIDr. Denas BACA GIMENEZ CASTELLANOSDr. Julio&hellip;","_links":{"self":[{"href":"https:\/\/colmedicosantafe1.org.ar\/index.php?rest_route=\/wp\/v2\/pages\/755","targetHints":{"allow":["GET"]}}],"collection":[{"href":"https:\/\/colmedicosantafe1.org.ar\/index.php?rest_route=\/wp\/v2\/pages"}],"about":[{"href":"https:\/\/colmedicosantafe1.org.ar\/index.php?rest_route=\/wp\/v2\/types\/page"}],"author":[{"embeddable":true,"href":"https:\/\/colmedicosantafe1.org.ar\/index.php?rest_route=\/wp\/v2\/users\/1"}],"replies":[{"embeddable":true,"href":"https:\/\/colmedicosantafe1.org.ar\/index.php?rest_route=%2Fwp%2Fv2%2Fcomments&post=755"}],"version-history":[{"count":88,"href":"https:\/\/colmedicosantafe1.org.ar\/index.php?rest_route=\/wp\/v2\/pages\/755\/revisions"}],"predecessor-version":[{"id":5679,"href":"https:\/\/colmedicosantafe1.org.ar\/index.php?rest_route=\/wp\/v2\/pages\/755\/revisions\/5679"}],"wp:attachment":[{"href":"https:\/\/colmedicosantafe1.org.ar\/index.php?rest_route=%2Fwp%2Fv2%2Fmedia&parent=755"}],"curies":[{"name":"wp","href":"https:\/\/api.w.org\/{rel}","templated":true}]}}