{"id":655,"date":"2024-12-13T10:32:22","date_gmt":"2024-12-13T13:32:22","guid":{"rendered":"https:\/\/cmsf.org.ar\/sitio\/?page_id=655"},"modified":"2026-02-23T08:22:27","modified_gmt":"2026-02-23T11:22:27","slug":"comisiones","status":"publish","type":"page","link":"https:\/\/colmedicosantafe1.org.ar\/?page_id=655","title":{"rendered":"Comisiones"},"content":{"rendered":"\n<figure class=\"wp-block-image size-full\"><img loading=\"lazy\" decoding=\"async\" width=\"1145\" height=\"196\" src=\"https:\/\/colmedicosantafe1.org.ar\/wp-content\/uploads\/2024\/12\/comisiones.png\" alt=\"\" class=\"wp-image-656\" style=\"object-fit:cover\" srcset=\"https:\/\/colmedicosantafe1.org.ar\/wp-content\/uploads\/2024\/12\/comisiones.png 1145w, https:\/\/colmedicosantafe1.org.ar\/wp-content\/uploads\/2024\/12\/comisiones-300x51.png 300w, https:\/\/colmedicosantafe1.org.ar\/wp-content\/uploads\/2024\/12\/comisiones-1024x175.png 1024w, https:\/\/colmedicosantafe1.org.ar\/wp-content\/uploads\/2024\/12\/comisiones-768x131.png 768w\" sizes=\"auto, (max-width: 1145px) 100vw, 1145px\" \/><\/figure>\n\n\n\n<div style=\"height:46px\" aria-hidden=\"true\" class=\"wp-block-spacer\"><\/div>\n\n\n\n<div class=\"wp-block-group has-small-font-size is-content-justification-space-between is-layout-flex wp-container-core-group-is-layout-af264ec5 wp-block-group-is-layout-flex\" style=\"margin-top:var(--wp--preset--spacing--10);margin-bottom:var(--wp--preset--spacing--10);padding-top:0;padding-bottom:0\">\n<div class=\"wp-block-group has-small-font-size wp-container-content-9cfa9a5a is-content-justification-space-between is-layout-flex wp-container-core-group-is-layout-7da34192 wp-block-group-is-layout-flex\" style=\"margin-top:var(--wp--preset--spacing--10);margin-bottom:var(--wp--preset--spacing--10)\">\n<div class=\"wp-block-columns wp-container-content-9cfa9a5a is-layout-flex wp-container-core-columns-is-layout-65e523f9 wp-block-columns-is-layout-flex\">\n<div class=\"wp-block-column fila-sombreada is-layout-flow wp-block-column-is-layout-flow\" style=\"padding-right:0;padding-left:0;flex-basis:100%\">\n<p class=\"has-base-background-color has-background has-small-font-size\"><strong>ASUNTOS LEGALES<\/strong><br>\u2028Dr. Luis Alberto DE PRO<br>Dr. Martin Nicol\u00e1s ALEGRE<\/p>\n<\/div>\n\n\n\n<div class=\"wp-block-column fila-sombreada is-layout-flow wp-block-column-is-layout-flow\" style=\"padding-right:0;padding-left:0;flex-basis:100%\">\n<p class=\"has-base-background-color has-background has-small-font-size\"><strong>CONTADUR\u00cdA<\/strong><br>\u2028CPN Natalia CARENA<br>CPN Mar\u00eda Bel\u00e9n BIANCHI<\/p>\n<\/div>\n\n\n\n<div class=\"wp-block-column fila-sombreada is-layout-flow wp-block-column-is-layout-flow\" style=\"flex-basis:100%\">\n<p class=\"has-base-background-color has-background has-small-font-size\"><strong>RECERTIFICACI\u00d3N<\/strong><br>\u2028Dr. Carlos Enrique CHAILLOU<br>Dr. Fernando TRAVERSO<\/p>\n<\/div>\n<\/div>\n<\/div>\n<\/div>\n\n\n\n<div class=\"wp-block-group has-small-font-size is-content-justification-space-between is-layout-flex wp-container-core-group-is-layout-6f888c6a wp-block-group-is-layout-flex\" style=\"margin-top:var(--wp--preset--spacing--10);margin-bottom:var(--wp--preset--spacing--10);padding-top:0;padding-bottom:0\">\n<div class=\"wp-block-group has-small-font-size is-content-justification-space-between is-layout-flex wp-container-core-group-is-layout-7da34192 wp-block-group-is-layout-flex\" style=\"margin-top:var(--wp--preset--spacing--10);margin-bottom:var(--wp--preset--spacing--10)\">\n<div class=\"wp-block-columns wp-container-content-9cfa9a5a is-layout-flex wp-container-core-columns-is-layout-65e523f9 wp-block-columns-is-layout-flex\">\n<div class=\"wp-block-column fila-sombreada is-layout-flow wp-block-column-is-layout-flow\" style=\"padding-right:0;padding-left:0;flex-basis:100%\">\n<p class=\"has-base-background-color has-background has-small-font-size\"><strong>ESPECIALIDADES Y EVALUACI\u00d3N DE SERVICIOS\u2028<\/strong><br>Dr. An\u00edbal Gaspar GASTALDI<br>Dra. Susana Mar\u00eda SAVORE<br>Dr. Miguel \u00c1ngel DALLAGLIO<br>Dra. Estela IMOBERDORF<br>Dr. Juan Angel BRUNA<br>Dra. Maria Elena MALACHEVSKY<br>Dra. Maria del Pilar GIOBANDO<\/p>\n<\/div>\n\n\n\n<div class=\"wp-block-column fila-sombreada is-layout-flow wp-block-column-is-layout-flow\" style=\"padding-right:0;padding-left:0;flex-basis:100%\">\n<p class=\"has-base-background-color has-background has-small-font-size\"><strong>EDUCACI\u00d3N M\u00c9DICA DE POSTGRADO (CEMP)<\/strong><br>Dr. Arturo Baltazar SERRANO<br>Dr. Guillermo Ignacio V. KERZ<br>Dr. Julio Eduardo RICO<br>Dr. Luis Eduardo MOULIN<br>Dr. Horacio LOCATELLI <br>Dra. Alicia Paola PEREZ<br>Dr. Gilberto Fabi\u00e1n NUZARELLO<\/p>\n<\/div>\n\n\n\n<div class=\"wp-block-column fila-sombreada is-layout-flow wp-block-column-is-layout-flow\" style=\"flex-basis:100%\">\n<p class=\"has-base-background-color has-background has-small-font-size\"><strong>TRIBUNAL DE \u00c9TICA<\/strong><br>Dr. Miguel \u00c1ngel DALLAGLIO<br>Dr. Fernando REDONDO<br>Dr. Gabriel HACHUEL<\/p>\n<\/div>\n<\/div>\n<\/div>\n<\/div>\n\n\n\n<div class=\"wp-block-group has-small-font-size is-content-justification-space-between is-layout-flex wp-container-core-group-is-layout-6f888c6a wp-block-group-is-layout-flex\" style=\"margin-top:var(--wp--preset--spacing--10);margin-bottom:var(--wp--preset--spacing--10);padding-top:0;padding-bottom:0\">\n<div class=\"wp-block-group has-small-font-size wp-container-content-9cfa9a5a is-content-justification-space-between is-layout-flex wp-container-core-group-is-layout-71ffad2a wp-block-group-is-layout-flex\" style=\"margin-top:var(--wp--preset--spacing--10);margin-bottom:var(--wp--preset--spacing--10);padding-right:0;padding-left:0\">\n<div class=\"wp-block-columns wp-container-content-9cfa9a5a is-layout-flex wp-container-core-columns-is-layout-65e523f9 wp-block-columns-is-layout-flex\">\n<div class=\"wp-block-column fila-sombreada is-layout-flow wp-block-column-is-layout-flow\" style=\"padding-right:0;padding-left:0;flex-basis:100%\">\n<p class=\"has-base-background-color has-background has-small-font-size\"><strong>REVISORES DE CUENTAS\u2028<\/strong><br>Dr. Susana Mar\u00eda SAVOR\u00c9<br>Dr. Roberto ZARZUELO<\/p>\n<\/div>\n\n\n\n<div class=\"wp-block-column fila-sombreada is-layout-flow wp-block-column-is-layout-flow\" style=\"padding-right:0;padding-left:0;flex-basis:100%\">\n<p class=\"has-base-background-color has-background has-small-font-size\"><strong>PUBLICACIONES\u2028<\/strong><br>Dr. Miguel \u00c1ngel NICASTRO<br>Dr. Guillermo Ignacio V. KERZ<br>Dr. Alejandro Omar MANSUR<br>Dra. Silvia MU\u00d1OZ DE BARCELO<\/p>\n<\/div>\n\n\n\n<div class=\"wp-block-column fila-sombreada is-layout-flow wp-block-column-is-layout-flow\" style=\"flex-basis:100%\">\n<p class=\"has-base-background-color has-background has-small-font-size\"><strong>FISCALIZACI\u00d3N\u2028<\/strong><br>Dra. Ruth ARAG\u00d3N<br>Dr. Aldo Ren\u00e9 SOLI<br>Dr. Rub\u00e9n Atilio ADROVER<\/p>\n<\/div>\n<\/div>\n<\/div>\n<\/div>\n\n\n\n<div class=\"wp-block-group has-small-font-size is-content-justification-space-between is-layout-flex wp-container-core-group-is-layout-6f888c6a wp-block-group-is-layout-flex\" style=\"margin-top:var(--wp--preset--spacing--10);margin-bottom:var(--wp--preset--spacing--10);padding-top:0;padding-bottom:0\">\n<div class=\"wp-block-group has-small-font-size wp-container-content-9cfa9a5a is-content-justification-space-between is-layout-flex wp-container-core-group-is-layout-7da34192 wp-block-group-is-layout-flex\" style=\"margin-top:var(--wp--preset--spacing--10);margin-bottom:var(--wp--preset--spacing--10)\">\n<div class=\"wp-block-columns wp-container-content-9cfa9a5a is-layout-flex wp-container-core-columns-is-layout-65e523f9 wp-block-columns-is-layout-flex\">\n<div class=\"wp-block-column fila-sombreada is-layout-flow wp-block-column-is-layout-flow\" style=\"padding-right:0;padding-left:0;flex-basis:100%\">\n<p class=\"has-base-background-color has-background has-small-font-size\"><strong>BIBLIOTECA<\/strong><br>Dr. Miguel Angel NICASTRO<\/p>\n<\/div>\n\n\n\n<div class=\"wp-block-column fila-sombreada is-layout-flow wp-block-column-is-layout-flow\" style=\"padding-right:0;padding-left:0;flex-basis:100%\"><\/div>\n\n\n\n<div class=\"wp-block-column fila-sombreada is-layout-flow wp-block-column-is-layout-flow\" style=\"flex-basis:100%\">\n<p class=\"has-base-background-color has-background has-small-font-size\"><strong>MUSEO\u2028<\/strong><br>Dr. Miguel Angel NICASTRO<\/p>\n<\/div>\n<\/div>\n<\/div>\n<\/div>\n\n\n\n<p><\/p>\n","protected":false},"excerpt":{"rendered":"<p>ASUNTOS LEGALES\u2028Dr. Luis Alberto DE PRODr. Martin Nicol\u00e1s ALEGRE CONTADUR\u00cdA\u2028CPN Natalia CARENACPN Mar\u00eda Bel\u00e9n BIANCHI RECERTIFICACI\u00d3N\u2028Dr. Carlos Enrique CHAILLOUDr. Fernando TRAVERSO ESPECIALIDADES Y EVALUACI\u00d3N DE SERVICIOS\u2028Dr. An\u00edbal Gaspar GASTALDIDra. Susana Mar\u00eda SAVOREDr. Miguel \u00c1ngel DALLAGLIODra. Estela IMOBERDORFDr. Juan Angel BRUNADra. Maria Elena MALACHEVSKYDra. Maria del Pilar GIOBANDO EDUCACI\u00d3N M\u00c9DICA DE POSTGRADO (CEMP)Dr. Arturo Baltazar SERRANODr. [&hellip;]<\/p>\n","protected":false},"author":1,"featured_media":0,"parent":0,"menu_order":0,"comment_status":"closed","ping_status":"closed","template":"","meta":{"_uag_custom_page_level_css":"","footnotes":""},"class_list":["post-655","page","type-page","status-publish","hentry"],"jetpack_sharing_enabled":true,"uagb_featured_image_src":{"full":false,"thumbnail":false,"medium":false,"medium_large":false,"large":false,"1536x1536":false,"2048x2048":false},"uagb_author_info":{"display_name":"admin","author_link":"https:\/\/colmedicosantafe1.org.ar\/?author=1"},"uagb_comment_info":0,"uagb_excerpt":"ASUNTOS LEGALES\u2028Dr. Luis Alberto DE PRODr. Martin Nicol\u00e1s ALEGRE CONTADUR\u00cdA\u2028CPN Natalia CARENACPN Mar\u00eda Bel\u00e9n BIANCHI RECERTIFICACI\u00d3N\u2028Dr. Carlos Enrique CHAILLOUDr. Fernando TRAVERSO ESPECIALIDADES Y EVALUACI\u00d3N DE SERVICIOS\u2028Dr. An\u00edbal Gaspar GASTALDIDra. Susana Mar\u00eda SAVOREDr. Miguel \u00c1ngel DALLAGLIODra. Estela IMOBERDORFDr. Juan Angel BRUNADra. Maria Elena MALACHEVSKYDra. Maria del Pilar GIOBANDO EDUCACI\u00d3N M\u00c9DICA DE POSTGRADO (CEMP)Dr. Arturo Baltazar SERRANODr.&hellip;","_links":{"self":[{"href":"https:\/\/colmedicosantafe1.org.ar\/index.php?rest_route=\/wp\/v2\/pages\/655","targetHints":{"allow":["GET"]}}],"collection":[{"href":"https:\/\/colmedicosantafe1.org.ar\/index.php?rest_route=\/wp\/v2\/pages"}],"about":[{"href":"https:\/\/colmedicosantafe1.org.ar\/index.php?rest_route=\/wp\/v2\/types\/page"}],"author":[{"embeddable":true,"href":"https:\/\/colmedicosantafe1.org.ar\/index.php?rest_route=\/wp\/v2\/users\/1"}],"replies":[{"embeddable":true,"href":"https:\/\/colmedicosantafe1.org.ar\/index.php?rest_route=%2Fwp%2Fv2%2Fcomments&post=655"}],"version-history":[{"count":113,"href":"https:\/\/colmedicosantafe1.org.ar\/index.php?rest_route=\/wp\/v2\/pages\/655\/revisions"}],"predecessor-version":[{"id":5900,"href":"https:\/\/colmedicosantafe1.org.ar\/index.php?rest_route=\/wp\/v2\/pages\/655\/revisions\/5900"}],"wp:attachment":[{"href":"https:\/\/colmedicosantafe1.org.ar\/index.php?rest_route=%2Fwp%2Fv2%2Fmedia&parent=655"}],"curies":[{"name":"wp","href":"https:\/\/api.w.org\/{rel}","templated":true}]}}