{"id":4280,"date":"2025-04-03T10:43:46","date_gmt":"2025-04-03T13:43:46","guid":{"rendered":"https:\/\/cmsf.org.ar\/sitio\/?page_id=4280"},"modified":"2025-08-27T12:39:00","modified_gmt":"2025-08-27T15:39:00","slug":"oferta-academica-2025","status":"publish","type":"page","link":"https:\/\/colmedicosantafe1.org.ar\/?page_id=4280","title":{"rendered":"Oferta Acad\u00e9mica 2025"},"content":{"rendered":"\n<details class=\"wp-block-details is-layout-flow wp-block-details-is-layout-flow\"><summary>1er Semestre<\/summary>\n<p><a href=\"https:\/\/colmedicosantafe1.org.ar\/?p=4251\" data-type=\"link\" data-id=\"https:\/\/colmedicosantafe1.org.ar\/?p=4251\">Taller pr\u00e1ctico de suturas &#8211; Fecha 26\/03<\/a><\/p>\n\n\n\n<p><a href=\"https:\/\/colmedicosantafe1.org.ar\/?p=4251\" data-type=\"link\" data-id=\"https:\/\/colmedicosantafe1.org.ar\/?p=4251\">Curso de Investigaci\u00f3n Cl\u00ednica &#8211; Fecha 26\/03<\/a><\/p>\n\n\n\n<p>Taller te\u00f3rico pr\u00e1ctico de Educaci\u00f3n en Diabetes &#8211; (m\u00e1s detalles pr\u00f3ximamente)<\/p>\n\n\n\n<p>Curso Pr\u00e1ctico de Fotograf\u00eda con Celular &#8211; (m\u00e1s detalles pr\u00f3ximamente)<\/p>\n\n\n\n<p>Taller de Oratoria Efectiva &#8211; Inicia 03\/04<\/p>\n\n\n\n<p>Curso de ECG &#8211; Inicia 14\/04<\/p>\n\n\n\n<p>Curso Pr\u00e1ctico de conversaci\u00f3n en ingl\u00e9s (m\u00e1s detalles pr\u00f3ximamente)<\/p>\n\n\n\n<p>Curso de PHTLS &#8211; Fecha 25\/04 y 26\/04<\/p>\n\n\n\n<p>Curso de Actualizaci\u00f3n para Choferes de ambulancia &#8211; Fecha 28\/04<\/p>\n\n\n\n<p>Curso de Emergencia (m\u00e1s detalles pr\u00f3ximamente)<\/p>\n\n\n\n<p><a href=\"http:\/\/colmedicosantafe1.org.ar\/index.php\/oferta-academica#taller-de-oratoria-efectiva-inicia-03-04\"><\/a><\/p>\n<\/details>\n\n\n\n<details class=\"wp-block-details is-layout-flow wp-block-details-is-layout-flow\"><summary>2do Semestre<\/summary>\n<p><a href=\"https:\/\/colmedicosantafe1.org.ar\/?p=5174\" data-type=\"link\" data-id=\"https:\/\/colmedicosantafe1.org.ar\/?p=5174\" target=\"_blank\" rel=\"noreferrer noopener\"><a href=\"https:\/\/colmedicosantafe1.org.ar\/?p=5174\" data-type=\"link\" data-id=\"https:\/\/colmedicosantafe1.org.ar\/?p=5174\" target=\"_blank\" rel=\"noreferrer noopener\"><strong>Inicio: Martes 09\/09<\/strong><\/a><\/a>: <a href=\"https:\/\/colmedicosantafe1.org.ar\/?p=5174\" data-type=\"link\" data-id=\"https:\/\/colmedicosantafe1.org.ar\/?p=5174\" target=\"_blank\" rel=\"noreferrer noopener\">Investigaci\u00f3n y Medicina Basada en Evidencia: Curso orientado a la Pr\u00e1ctica Cl\u00ednica para M\u00e9dicos y Profesionales de la Salud<\/a>.<\/p>\n\n\n\n<div style=\"height:12px\" aria-hidden=\"true\" class=\"wp-block-spacer\"><\/div>\n\n\n\n<p><a href=\"https:\/\/colmedicosantafe1.org.ar\/?p=5119\" data-type=\"link\" data-id=\"https:\/\/colmedicosantafe1.org.ar\/?p=5119\" target=\"_blank\" rel=\"noreferrer noopener\"><strong>Inicio: Viernes 19\/09<\/strong>: Interpreta im\u00e1genes. Transforma diagn\u00f3sticos. \ud83e\ude7b Curso de Actualizaci\u00f3n en Diagn\u00f3stico por Im\u00e1genes 2025.<\/a><\/p>\n\n\n\n<div style=\"height:8px\" aria-hidden=\"true\" class=\"wp-block-spacer\"><\/div>\n\n\n\n<p><a href=\"https:\/\/colmedicosantafe1.org.ar\/?p=5181\" data-type=\"link\" data-id=\"https:\/\/colmedicosantafe1.org.ar\/?p=5181\" target=\"_blank\" rel=\"noreferrer noopener\"><strong>Inicio: S\u00e1bado 04\/10<\/strong><\/a>: \ud83e\udde0\ud83d\udea8 <a href=\"https:\/\/colmedicosantafe1.org.ar\/?p=5181\" data-type=\"link\" data-id=\"https:\/\/colmedicosantafe1.org.ar\/?p=5181\" target=\"_blank\" rel=\"noreferrer noopener\">\u201cUrgencias en Salud Mental 2025: Actualizaci\u00f3n intensiva para profesionales\u201d<strong>.<\/strong><\/a><\/p>\n\n\n\n<div style=\"height:10px\" aria-hidden=\"true\" class=\"wp-block-spacer\"><\/div>\n\n\n\n<p><a href=\"https:\/\/colmedicosantafe1.org.ar\/?p=5159\" data-type=\"link\" data-id=\"https:\/\/colmedicosantafe1.org.ar\/?p=5159\" target=\"_blank\" rel=\"noreferrer noopener\"><strong>Inicio: Martes 07\/10<\/strong><\/a>: \ud83e\udec0 <a href=\"https:\/\/colmedicosantafe1.org.ar\/?p=5159\" data-type=\"link\" data-id=\"https:\/\/colmedicosantafe1.org.ar\/?p=5159\" target=\"_blank\" rel=\"noreferrer noopener\">Domin\u00e1 el ECG: Formaci\u00f3n Clave para tu Pr\u00e1ctica M\u00e9dica \u26a1<\/a><\/p>\n\n\n\n<div style=\"height:13px\" aria-hidden=\"true\" class=\"wp-block-spacer\"><\/div>\n\n\n\n<p><a href=\"https:\/\/colmedicosantafe1.org.ar\/?p=5187\" data-type=\"link\" data-id=\"https:\/\/colmedicosantafe1.org.ar\/?p=5187\" target=\"_blank\" rel=\"noreferrer noopener\">M\u00e9dicos de Distintas Provincias se Unen en un Curso de Actualizaci\u00f3n Conjunto y Gratuito Avalado por CONFEMECO<\/a><\/p>\n\n\n\n<div style=\"height:13px\" aria-hidden=\"true\" class=\"wp-block-spacer\"><\/div>\n\n\n\n<p>Curso de v\u00eda a\u00e9rea (m\u00e1s detalles pr\u00f3ximamente)<\/p>\n\n\n\n<p>Curso de Hierbas medicinales (m\u00e1s detalles pr\u00f3ximamente)<\/p>\n\n\n\n<p>Curso de Medicina Legal (m\u00e1s detalles pr\u00f3ximamente)<\/p>\n\n\n\n<p>Jornada de Reumatolog\u00eda (m\u00e1s detalles pr\u00f3ximamente)<\/p>\n\n\n\n<p>Jornada de Dermatolog\u00eda (m\u00e1s detalles pr\u00f3ximamente)<\/p>\n\n\n\n<p>Curso de Formaci\u00f3n Docente (m\u00e1s detalles pr\u00f3ximamente)<\/p>\n\n\n\n<p>Curso de Revisiones sistem\u00e1ticas (m\u00e1s detalles pr\u00f3ximamente)<\/p>\n\n\n\n<p>Curso de Cuidados Paliativos (m\u00e1s detalles pr\u00f3ximamente)<\/p>\n\n\n\n<p><a href=\"http:\/\/colmedicosantafe1.org.ar\/index.php\/oferta-academica#taller-de-oratoria-efectiva-inicia-03-04\"><\/a><\/p>\n<\/details>\n","protected":false},"excerpt":{"rendered":"","protected":false},"author":1,"featured_media":0,"parent":0,"menu_order":0,"comment_status":"closed","ping_status":"closed","template":"contaduria","meta":{"_uag_custom_page_level_css":"","footnotes":""},"class_list":["post-4280","page","type-page","status-publish","hentry"],"jetpack_sharing_enabled":true,"uagb_featured_image_src":{"full":false,"thumbnail":false,"medium":false,"medium_large":false,"large":false,"1536x1536":false,"2048x2048":false},"uagb_author_info":{"display_name":"admin","author_link":"https:\/\/colmedicosantafe1.org.ar\/?author=1"},"uagb_comment_info":0,"uagb_excerpt":null,"_links":{"self":[{"href":"https:\/\/colmedicosantafe1.org.ar\/index.php?rest_route=\/wp\/v2\/pages\/4280","targetHints":{"allow":["GET"]}}],"collection":[{"href":"https:\/\/colmedicosantafe1.org.ar\/index.php?rest_route=\/wp\/v2\/pages"}],"about":[{"href":"https:\/\/colmedicosantafe1.org.ar\/index.php?rest_route=\/wp\/v2\/types\/page"}],"author":[{"embeddable":true,"href":"https:\/\/colmedicosantafe1.org.ar\/index.php?rest_route=\/wp\/v2\/users\/1"}],"replies":[{"embeddable":true,"href":"https:\/\/colmedicosantafe1.org.ar\/index.php?rest_route=%2Fwp%2Fv2%2Fcomments&post=4280"}],"version-history":[{"count":6,"href":"https:\/\/colmedicosantafe1.org.ar\/index.php?rest_route=\/wp\/v2\/pages\/4280\/revisions"}],"predecessor-version":[{"id":5207,"href":"https:\/\/colmedicosantafe1.org.ar\/index.php?rest_route=\/wp\/v2\/pages\/4280\/revisions\/5207"}],"wp:attachment":[{"href":"https:\/\/colmedicosantafe1.org.ar\/index.php?rest_route=%2Fwp%2Fv2%2Fmedia&parent=4280"}],"curies":[{"name":"wp","href":"https:\/\/api.w.org\/{rel}","templated":true}]}}