{"id":4205,"date":"2025-02-27T08:40:03","date_gmt":"2025-02-27T11:40:03","guid":{"rendered":"https:\/\/cmsf.org.ar\/sitio\/?page_id=4205"},"modified":"2025-10-31T12:59:42","modified_gmt":"2025-10-31T15:59:42","slug":"4205-2","status":"publish","type":"page","link":"https:\/\/colmedicosantafe1.org.ar\/?page_id=4205","title":{"rendered":"Contadur\u00eda"},"content":{"rendered":"\n<div class=\"wp-block-uagb-image uagb-block-46c344e7 wp-block-uagb-image--layout-default wp-block-uagb-image--effect-static wp-block-uagb-image--align-none\"><figure class=\"wp-block-uagb-image__figure\"><img decoding=\"async\" srcset=\"https:\/\/colmedicosantafe1.org.ar\/wp-content\/uploads\/2025\/02\/banner_contaduria-1024x88.png ,https:\/\/colmedicosantafe1.org.ar\/wp-content\/uploads\/2025\/02\/banner_contaduria.png 780w, https:\/\/colmedicosantafe1.org.ar\/wp-content\/uploads\/2025\/02\/banner_contaduria.png 360w\" sizes=\"auto, (max-width: 480px) 150px\" src=\"https:\/\/colmedicosantafe1.org.ar\/wp-content\/uploads\/2025\/02\/banner_contaduria-1024x88.png\" alt=\"\" class=\"uag-image-4210\" width=\"3966\" height=\"341\" title=\"banner_contaduria\" loading=\"lazy\" role=\"img\"\/><\/figure><\/div>\n\n\n\n<div style=\"height:30px\" aria-hidden=\"true\" class=\"wp-block-spacer\"><\/div>\n\n\n\n<p><strong>Estimado\/a profesional,<\/strong><\/p>\n\n\n\n<div style=\"height:20px\" aria-hidden=\"true\" class=\"wp-block-spacer\"><\/div>\n\n\n\n<p>Le informamos que nos encontramos actualizando nuestros sistemas inform\u00e1ticos para brindarle un servicio m\u00e1s \u00e1gil, pr\u00e1ctico y 100% digital, este proceso de innovaci\u00f3n nos obliga a actualizar nuestros medios de pago.<\/p>\n\n\n\n<div style=\"height:20px\" aria-hidden=\"true\" class=\"wp-block-spacer\"><\/div>\n\n\n\n<p>Por ello, solicitamos que quienes se encuentren abonando sus cuotas de colegiaci\u00f3n y\/o seguro mediante la modalidad Chequera (pago desde Homebanking \/ Pago Mis Cuentas \/ Santa Fe Servicios), <strong>medio de pago que ya no se encuentra disponible<\/strong>, tengan a bien comunicarse con nuestras oficinas y seleccionar alguna de las siguientes formas de pago habilitadas:<\/p>\n\n\n\n<div style=\"height:20px\" aria-hidden=\"true\" class=\"wp-block-spacer\"><\/div>\n\n\n\n<p><strong>&#8211; D\u00c9BITO AUTOM\u00c1TICO: <\/strong>El importe de la cuota se debitar\u00e1 mensualmente de su cuenta bancaria.&nbsp;<\/p>\n\n\n\n<p><strong>&#8211; TARJETA DE CR\u00c9DITO: <\/strong>El importe de la cuota se debitar\u00e1 mensualmente de su resumen de cuenta.<\/p>\n\n\n\n<p><strong>&#8211; MOSTRADOR: <\/strong>El pago de la cuota deber\u00e1 realizarlo de forma presencial en la caja del Colegio.&nbsp;<\/p>\n\n\n\n<div style=\"height:20px\" aria-hidden=\"true\" class=\"wp-block-spacer\"><\/div>\n\n\n\n<p><strong>Cualquier inconveniente o inquietud no dude en consultarnos v\u00eda WhatsApp al 3425 28-9749 (Contadur\u00eda).<\/strong><\/p>\n\n\n\n<div style=\"height:20px\" aria-hidden=\"true\" class=\"wp-block-spacer\"><\/div>\n\n\n\n<p>Agradecemos su colaboraci\u00f3n para efectuar esta actualizaci\u00f3n a la brevedad.<\/p>\n\n\n\n<div style=\"height:20px\" aria-hidden=\"true\" class=\"wp-block-spacer\"><\/div>\n\n\n\n<p><strong>Atentamente,<\/strong><\/p>\n\n\n\n<p><strong>Colegio de M\u00e9dicos de Santa Fe 1ra. Circ.<\/strong><\/p>\n","protected":false},"excerpt":{"rendered":"<p>Estimado\/a profesional, Le informamos que nos encontramos actualizando nuestros sistemas inform\u00e1ticos para brindarle un servicio m\u00e1s \u00e1gil, pr\u00e1ctico y 100% digital, este proceso de innovaci\u00f3n nos obliga a actualizar nuestros medios de pago. Por ello, solicitamos que quienes se encuentren abonando sus cuotas de colegiaci\u00f3n y\/o seguro mediante la modalidad Chequera (pago desde Homebanking \/ [&hellip;]<\/p>\n","protected":false},"author":1,"featured_media":0,"parent":0,"menu_order":0,"comment_status":"closed","ping_status":"closed","template":"contaduria","meta":{"_uag_custom_page_level_css":"","footnotes":""},"class_list":["post-4205","page","type-page","status-publish","hentry"],"jetpack_sharing_enabled":true,"uagb_featured_image_src":{"full":false,"thumbnail":false,"medium":false,"medium_large":false,"large":false,"1536x1536":false,"2048x2048":false},"uagb_author_info":{"display_name":"admin","author_link":"https:\/\/colmedicosantafe1.org.ar\/?author=1"},"uagb_comment_info":0,"uagb_excerpt":"Estimado\/a profesional, Le informamos que nos encontramos actualizando nuestros sistemas inform\u00e1ticos para brindarle un servicio m\u00e1s \u00e1gil, pr\u00e1ctico y 100% digital, este proceso de innovaci\u00f3n nos obliga a actualizar nuestros medios de pago. Por ello, solicitamos que quienes se encuentren abonando sus cuotas de colegiaci\u00f3n y\/o seguro mediante la modalidad Chequera (pago desde Homebanking \/&hellip;","_links":{"self":[{"href":"https:\/\/colmedicosantafe1.org.ar\/index.php?rest_route=\/wp\/v2\/pages\/4205","targetHints":{"allow":["GET"]}}],"collection":[{"href":"https:\/\/colmedicosantafe1.org.ar\/index.php?rest_route=\/wp\/v2\/pages"}],"about":[{"href":"https:\/\/colmedicosantafe1.org.ar\/index.php?rest_route=\/wp\/v2\/types\/page"}],"author":[{"embeddable":true,"href":"https:\/\/colmedicosantafe1.org.ar\/index.php?rest_route=\/wp\/v2\/users\/1"}],"replies":[{"embeddable":true,"href":"https:\/\/colmedicosantafe1.org.ar\/index.php?rest_route=%2Fwp%2Fv2%2Fcomments&post=4205"}],"version-history":[{"count":11,"href":"https:\/\/colmedicosantafe1.org.ar\/index.php?rest_route=\/wp\/v2\/pages\/4205\/revisions"}],"predecessor-version":[{"id":5583,"href":"https:\/\/colmedicosantafe1.org.ar\/index.php?rest_route=\/wp\/v2\/pages\/4205\/revisions\/5583"}],"wp:attachment":[{"href":"https:\/\/colmedicosantafe1.org.ar\/index.php?rest_route=%2Fwp%2Fv2%2Fmedia&parent=4205"}],"curies":[{"name":"wp","href":"https:\/\/api.w.org\/{rel}","templated":true}]}}