{"id":1946,"date":"2025-01-08T09:46:05","date_gmt":"2025-01-08T12:46:05","guid":{"rendered":"https:\/\/cmsf.org.ar\/sitio\/?page_id=1946"},"modified":"2025-12-23T12:12:52","modified_gmt":"2025-12-23T15:12:52","slug":"sistemas-de-vigilancia","status":"publish","type":"page","link":"https:\/\/colmedicosantafe1.org.ar\/?page_id=1946","title":{"rendered":"Sistemas de Vigilancia"},"content":{"rendered":"\n<figure class=\"wp-block-image size-full\"><img loading=\"lazy\" decoding=\"async\" width=\"1146\" height=\"98\" src=\"https:\/\/colmedicosantafe1.org.ar\/wp-content\/uploads\/2025\/01\/sistema_de_vigilancia_banner.png\" alt=\"\" class=\"wp-image-1949\"\/><\/figure>\n\n\n\n<div style=\"height:75px\" aria-hidden=\"true\" class=\"wp-block-spacer\"><\/div>\n\n\n\n<p class=\"has-small-font-size\" style=\"margin-bottom:var(--wp--preset--spacing--10)\">Se entiende por Sistemas de Vigilancia al conjunto de m\u00e9todos, observaciones y disciplinas que permiten, durante la etapa de comercializaci\u00f3n de los productos, detectar reacciones adversas y efectos indeseables imprevistos.<\/p>\n\n\n\n<p class=\"has-small-font-size\" style=\"margin-bottom:var(--wp--preset--spacing--10)\"><strong>Alerta por hantavirus en Salta: 12 casos confirmados y cinco muertes<\/strong><br>Se reforzaron las medidas de prevenci\u00f3n tras detectar contagios en distintos departamentos y confirmaron el fallecimiento de cinco personas por la enfermedad viral.<br>El Bolet\u00edn Epidemiol\u00f3gico Nacional (BEN) y el Bolet\u00edn Epidemiol\u00f3gico de la Provincia de Salta son las fuentes oficiales que recopilan estas notificaciones de Enfermedades de Notificaci\u00f3n Obligatoria (ENO).<\/p>\n\n\n\n<p class=\"has-small-font-size\" style=\"margin-bottom:var(--wp--preset--spacing--10)\"><\/p>\n\n\n\n<div style=\"height:20px\" aria-hidden=\"true\" class=\"wp-block-spacer\"><\/div>\n\n\n\n<p class=\"has-small-font-size\"><strong>ANMAT<\/strong> &#8211; <strong>Alertas y retiros<\/strong><\/p>\n\n\n\n<ul class=\"wp-block-list\">\n<li class=\"has-small-font-size\" style=\"margin-bottom:var(--wp--preset--spacing--10)\"><a href=\"https:\/\/www.argentina.gob.ar\/anmat\" target=\"_blank\" rel=\"noreferrer noopener\">https:\/\/www.argentina.gob.ar\/anmat<\/a><\/li>\n<\/ul>\n\n\n\n<p class=\"has-small-font-size\"><strong>Bolet\u00edn Epidemiol\u00f3gico Nacional<\/strong><\/p>\n\n\n\n<ul class=\"wp-block-list\">\n<li class=\"has-small-font-size\" style=\"margin-bottom:var(--wp--preset--spacing--10)\"><a href=\"https:\/\/www.argentina.gob.ar\/salud\/boletin-epidemiologico-nacional\">https:\/\/www.argentina.gob.ar\/salud\/boletin-epidemiologico-nacional<\/a><\/li>\n<\/ul>\n\n\n\n<p class=\"has-small-font-size\"><strong>Farmacovigilancia:<\/strong><\/p>\n\n\n\n<ul class=\"wp-block-list\">\n<li class=\"has-small-font-size\" style=\"margin-bottom:var(--wp--preset--spacing--10)\"><a href=\"https:\/\/www.argentina.gob.ar\/anmat\/regulados\/sistema-nacional-de-farmacovigilancia\" target=\"_blank\" rel=\"noreferrer noopener\">https:\/\/www.argentina.gob.ar\/anmat\/regulados\/sistema-nacional-de-farmacovigilancia<\/a><\/li>\n<\/ul>\n\n\n\n<p class=\"has-small-font-size\"><strong>Tecnovigilancia:<\/strong><\/p>\n\n\n\n<ul class=\"wp-block-list\">\n<li class=\"has-small-font-size\" style=\"margin-bottom:var(--wp--preset--spacing--10)\"><a href=\"https:\/\/www.argentina.gob.ar\/anmat\/tecnovigilancia\" target=\"_blank\" rel=\"noreferrer noopener\">https:\/\/www.argentina.gob.ar\/anmat\/tecnovigilancia<\/a><\/li>\n<\/ul>\n\n\n\n<p class=\"has-small-font-size\"><strong>Vigilancia Epidemiol\u00f3gica &#8211; Ministerio de Salud Provincia de Santa Fe:<\/strong><\/p>\n\n\n\n<ul class=\"wp-block-list\">\n<li class=\"has-small-font-size\" style=\"margin-bottom:var(--wp--preset--spacing--10)\"><a href=\"https:\/\/www.santafe.gov.ar\/index.php\/web\/content\/view\/full\/244875\/(subtema)\/93802\" target=\"_blank\" rel=\"noreferrer noopener\">https:\/\/www.santafe.gov.ar\/index.php\/web\/content\/view\/full\/244875\/(subtema)\/93802<\/a><\/li>\n<\/ul>\n\n\n\n<p class=\"has-small-font-size\"><strong>Vigilancia Alimentaria &#8211; ASSAL:<\/strong><\/p>\n\n\n\n<ul class=\"wp-block-list\">\n<li class=\"has-small-font-size\" style=\"margin-bottom:var(--wp--preset--spacing--10)\"><a href=\"https:\/\/www.assal.gov.ar\/assal_principal\/moduloControl\/noticiaSearch\/index.php?tipo=1\" target=\"_blank\" rel=\"noreferrer noopener\">www.assal.gov.ar\/assal_principal\/moduloControl\/noticiaSearch\/index.php?tipo=1<\/a><\/li>\n<\/ul>\n\n\n\n<p class=\"has-small-font-size\"><strong>Colegio de Farmac\u00e9uticos de Santa Fe &#8211; Farmacovigilancia:<\/strong><\/p>\n\n\n\n<ul class=\"wp-block-list\">\n<li class=\"has-small-font-size\" style=\"margin-bottom:var(--wp--preset--spacing--10)\"><a href=\"https:\/\/colfarsfe.org.ar\/category\/actualizacion-profesional\/farmacovigilancia-actualizacion-profesional\/\" target=\"_blank\" rel=\"noreferrer noopener\">https:\/\/colfarsfe.org.ar\/category\/actualizacion-profesional\/farmacovigilancia-actualizacion-profesional\/<\/a><\/li>\n<\/ul>\n\n\n\n<p class=\"has-small-font-size\"><strong>Colegio de Farmac\u00e9uticos de Santa Fe &#8211; Psicotr\u00f3picos y Estupefacientes<\/strong><\/p>\n\n\n\n<ul class=\"wp-block-list\">\n<li class=\"has-small-font-size\" style=\"margin-bottom:var(--wp--preset--spacing--10)\"><a href=\"https:\/\/colfarsfe.org.ar\/2020\/03\/05\/listado-de-psicotropicos-y-estupefacientes-anmat\/\" target=\"_blank\" rel=\"noreferrer noopener\">https:\/\/colfarsfe.org.ar\/2020\/03\/05\/listado-de-psicotropicos-y-estupefacientes-anmat\/<\/a><\/li>\n<\/ul>\n\n\n\n<p class=\"has-small-font-size\"><strong><a href=\"https:\/\/colmedicosantafe1.org.ar\/wp-content\/uploads\/2025\/11\/Como_recetar_Psicotropicos_de_Lista_IV.pdf\" data-type=\"link\" data-id=\"https:\/\/colmedicosantafe1.org.ar\/wp-content\/uploads\/2025\/11\/Como_recetar_Psicotropicos_de_Lista_IV.pdf\" target=\"_blank\" rel=\"noreferrer noopener\">Como recetar Psicotr\u00f3picos de Lista IV<\/a><\/strong><\/p>\n\n\n\n<ul class=\"wp-block-list\">\n<li class=\"has-small-font-size\" style=\"margin-bottom:var(--wp--preset--spacing--10)\"><a href=\"https:\/\/colmedicosantafe1.org.ar\/wp-content\/uploads\/2025\/11\/Como_recetar_Psicotropicos_de_Lista_IV.pdf\" data-type=\"link\" data-id=\"https:\/\/colmedicosantafe1.org.ar\/wp-content\/uploads\/2025\/11\/Como_recetar_Psicotropicos_de_Lista_IV.pdf\" target=\"_blank\" rel=\"noreferrer noopener\">Como recetar Psicotr\u00f3picos de Lista IV<\/a><\/li>\n<\/ul>\n\n\n\n<p class=\"has-small-font-size\"><strong>Eventos Adversos Supuestamente Atribuibles a Vacunas e Inmunizaciones \u2013 ESAVI:<\/strong><\/p>\n\n\n\n<ul class=\"wp-block-list\">\n<li class=\"has-small-font-size\" style=\"margin-bottom:var(--wp--preset--spacing--10)\"><a href=\"https:\/\/www.santafe.gob.ar\/farmavigilancia\/?section=cargaDenunciaEsavi\" target=\"_blank\" rel=\"noreferrer noopener\">https:\/\/www.santafe.gob.ar\/farmavigilancia\/?section=cargaDenunciaEsavi<\/a><\/li>\n<\/ul>\n\n\n\n<p class=\"has-small-font-size\"><strong>Sala de situaci\u00f3n del Ministerio de Salud de Santa Fe&nbsp;:<\/strong><\/p>\n\n\n\n<ul class=\"wp-block-list\">\n<li class=\"has-small-font-size\" style=\"margin-bottom:var(--wp--preset--spacing--10)\"><a href=\"http:\/\/www.santafe.gov.ar\/index.php\/web\/content\/view\/full\/116997\/%28subtema%29\" target=\"_blank\" rel=\"noreferrer noopener\">http:\/\/www.santafe.gov.ar\/index.php\/web\/content\/view\/full\/116997\/%28subtema%29<\/a><\/li>\n<\/ul>\n\n\n\n<p class=\"has-small-font-size\"><strong>Direcci\u00f3n de Farmacia:<\/strong><\/p>\n\n\n\n<ul class=\"wp-block-list\">\n<li class=\"has-small-font-size\" style=\"margin-bottom:var(--wp--preset--spacing--10)\"><a href=\"http:\/\/www.santafe.gov.ar\/index.php\/web\/content\/view\/full\/127098\/(subtema)\/93797\" target=\"_blank\" rel=\"noreferrer noopener\">http:\/\/www.santafe.gov.ar\/index.php\/web\/content\/view\/full\/127098\/(subtema)\/93797<\/a><\/li>\n<\/ul>\n","protected":false},"excerpt":{"rendered":"<p>Se entiende por Sistemas de Vigilancia al conjunto de m\u00e9todos, observaciones y disciplinas que permiten, durante la etapa de comercializaci\u00f3n de los productos, detectar reacciones adversas y efectos indeseables imprevistos. Alerta por hantavirus en Salta: 12 casos confirmados y cinco muertesSe reforzaron las medidas de prevenci\u00f3n tras detectar contagios en distintos departamentos y confirmaron el [&hellip;]<\/p>\n","protected":false},"author":1,"featured_media":0,"parent":0,"menu_order":0,"comment_status":"closed","ping_status":"closed","template":"","meta":{"_uag_custom_page_level_css":"","footnotes":""},"class_list":["post-1946","page","type-page","status-publish","hentry"],"jetpack_sharing_enabled":true,"uagb_featured_image_src":{"full":false,"thumbnail":false,"medium":false,"medium_large":false,"large":false,"1536x1536":false,"2048x2048":false},"uagb_author_info":{"display_name":"admin","author_link":"https:\/\/colmedicosantafe1.org.ar\/?author=1"},"uagb_comment_info":0,"uagb_excerpt":"Se entiende por Sistemas de Vigilancia al conjunto de m\u00e9todos, observaciones y disciplinas que permiten, durante la etapa de comercializaci\u00f3n de los productos, detectar reacciones adversas y efectos indeseables imprevistos. Alerta por hantavirus en Salta: 12 casos confirmados y cinco muertesSe reforzaron las medidas de prevenci\u00f3n tras detectar contagios en distintos departamentos y confirmaron el&hellip;","_links":{"self":[{"href":"https:\/\/colmedicosantafe1.org.ar\/index.php?rest_route=\/wp\/v2\/pages\/1946","targetHints":{"allow":["GET"]}}],"collection":[{"href":"https:\/\/colmedicosantafe1.org.ar\/index.php?rest_route=\/wp\/v2\/pages"}],"about":[{"href":"https:\/\/colmedicosantafe1.org.ar\/index.php?rest_route=\/wp\/v2\/types\/page"}],"author":[{"embeddable":true,"href":"https:\/\/colmedicosantafe1.org.ar\/index.php?rest_route=\/wp\/v2\/users\/1"}],"replies":[{"embeddable":true,"href":"https:\/\/colmedicosantafe1.org.ar\/index.php?rest_route=%2Fwp%2Fv2%2Fcomments&post=1946"}],"version-history":[{"count":15,"href":"https:\/\/colmedicosantafe1.org.ar\/index.php?rest_route=\/wp\/v2\/pages\/1946\/revisions"}],"predecessor-version":[{"id":5801,"href":"https:\/\/colmedicosantafe1.org.ar\/index.php?rest_route=\/wp\/v2\/pages\/1946\/revisions\/5801"}],"wp:attachment":[{"href":"https:\/\/colmedicosantafe1.org.ar\/index.php?rest_route=%2Fwp%2Fv2%2Fmedia&parent=1946"}],"curies":[{"name":"wp","href":"https:\/\/api.w.org\/{rel}","templated":true}]}}