{"id":1933,"date":"2025-01-08T09:24:42","date_gmt":"2025-01-08T12:24:42","guid":{"rendered":"https:\/\/cmsf.org.ar\/sitio\/?page_id=1933"},"modified":"2026-04-23T11:31:44","modified_gmt":"2026-04-23T14:31:44","slug":"examen-provincial-unificado-2024","status":"publish","type":"page","link":"https:\/\/colmedicosantafe1.org.ar\/?page_id=1933","title":{"rendered":"Examen Provincial Unificado 2025"},"content":{"rendered":"\n<figure class=\"wp-block-image size-full\"><img loading=\"lazy\" decoding=\"async\" width=\"1146\" height=\"98\" src=\"https:\/\/colmedicosantafe1.org.ar\/wp-content\/uploads\/2025\/01\/EXAMEN_banner.png\" alt=\"\" class=\"wp-image-1938\"\/><\/figure>\n\n\n\n<div style=\"height:75px\" aria-hidden=\"true\" class=\"wp-block-spacer\"><\/div>\n\n\n\n<p class=\"has-small-font-size\">En el marco del Concurso Unificado para el ingreso a Residencias y\/o Concurrencias en Salud 2026, ya se encuentra disponible el cronograma oficial junto con la bibliograf\u00eda recomendada para los aspirantes. Esta publicaci\u00f3n se inscribe en el proceso de organizaci\u00f3n del sistema provincial de residencias, llevado adelante de manera articulada a trav\u00e9s de la Mesa Interinstitucional, con participaci\u00f3n de autoridades provinciales, municipales, universidades y los Colegios de M\u00e9dicos de ambas circunscripciones.<\/p>\n\n\n\n<div style=\"height:15px\" aria-hidden=\"true\" class=\"wp-block-spacer\"><\/div>\n\n\n\n<p class=\"has-small-font-size\">Cabe destacar que, previamente, se desarrollaron distintas instancias de trabajo orientadas a la planificaci\u00f3n del concurso, en las que se abordaron aspectos clave como inscripciones, requisitos, reglamentos y fechas tentativas.<\/p>\n\n\n\n<div style=\"height:14px\" aria-hidden=\"true\" class=\"wp-block-spacer\"><\/div>\n\n\n\n<p style=\"margin-top:var(--wp--preset--spacing--10);margin-bottom:var(--wp--preset--spacing--10)\"><a href=\"https:\/\/concursosantafe.ar\" target=\"_blank\" rel=\"noreferrer noopener\">Sitio Web Oficial del Concurso Provincial<\/a><\/p>\n\n\n\n<div class=\"wp-block-file\" style=\"margin-top:var(--wp--preset--spacing--10);margin-bottom:var(--wp--preset--spacing--10)\"><a id=\"wp-block-file--media-5be70391-7dda-4e0e-9f37-b824dcdb2c33\" href=\"https:\/\/colmedicosantafe1.org.ar\/wp-content\/uploads\/2026\/04\/CRONOGRAMA_2026.pdf\" target=\"_blank\" rel=\"noreferrer noopener\">Cronograma 2026<\/a><\/div>\n\n\n\n<div class=\"wp-block-file\" style=\"margin-top:var(--wp--preset--spacing--10);margin-bottom:var(--wp--preset--spacing--10)\"><a id=\"wp-block-file--media-af236863-3caf-4f32-a482-b7bc78b2e309\" href=\"https:\/\/colmedicosantafe1.org.ar\/wp-content\/uploads\/2026\/04\/TEMARIO_BIBLIOGRAGIA-EXAMEN-PROVINCIA-SANTA-FE-2026-MEDICINA-BASICAS.pdf\" target=\"_blank\" rel=\"noreferrer noopener\">Temario_Bibliograf\u00eda &#8211; Examen  Medicina B\u00e1sicas 2026 &#8211; Provincia de Santa Fe<\/a><\/div>\n\n\n\n<div class=\"wp-block-file\" style=\"margin-top:var(--wp--preset--spacing--10);margin-bottom:var(--wp--preset--spacing--10)\"><a id=\"wp-block-file--media-91618c19-fe41-4801-9868-6ccaecb4d0f6\" href=\"https:\/\/colmedicosantafe1.org.ar\/wp-content\/uploads\/2026\/04\/RESOLUCION_MINISTERIAL_CU_2026.pdf\" target=\"_blank\" rel=\"noreferrer noopener\">Resoluci\u00f3n Ministerial \u2013 Concurso Unificado Provincial<\/a><\/div>\n\n\n\n<div class=\"wp-block-uagb-separator uagb-block-cb649978\"><div class=\"wp-block-uagb-separator__inner\" style=\"--my-background-image:\"><\/div><\/div>\n\n\n\n<p class=\"has-medium-font-size\" style=\"margin-top:var(--wp--preset--spacing--10);margin-bottom:var(--wp--preset--spacing--10)\">P\u00e1ginas de Inter\u00e9s:<\/p>\n\n\n\n<p class=\"has-small-font-size\" style=\"margin-bottom:var(--wp--preset--spacing--20)\"><a href=\"https:\/\/www.santafe.gob.ar\/index.php\/web\/content\/view\/full\/114773\/(subtema)\/114566\" target=\"_blank\" rel=\"noreferrer noopener\">Direcci\u00f3n de Residencias de la Salud<\/a><br><a href=\"https:\/\/colmedicosantafe2.org.ar\/\" data-type=\"link\" data-id=\"https:\/\/colmedicosantafe2.org.ar\/\" target=\"_blank\" rel=\"noreferrer noopener\">Colegio de M\u00e9dicos de la Pcia. de Santa Fe 2da. Circ. \u2013Rosario<\/a><\/p>\n\n\n\n<p><\/p>\n","protected":false},"excerpt":{"rendered":"<p>En el marco del Concurso Unificado para el ingreso a Residencias y\/o Concurrencias en Salud 2026, ya se encuentra disponible el cronograma oficial junto con la bibliograf\u00eda recomendada para los aspirantes. Esta publicaci\u00f3n se inscribe en el proceso de organizaci\u00f3n del sistema provincial de residencias, llevado adelante de manera articulada a trav\u00e9s de la Mesa [&hellip;]<\/p>\n","protected":false},"author":1,"featured_media":0,"parent":0,"menu_order":0,"comment_status":"closed","ping_status":"closed","template":"","meta":{"_uag_custom_page_level_css":"","footnotes":""},"class_list":["post-1933","page","type-page","status-publish","hentry"],"jetpack_sharing_enabled":true,"uagb_featured_image_src":{"full":false,"thumbnail":false,"medium":false,"medium_large":false,"large":false,"1536x1536":false,"2048x2048":false},"uagb_author_info":{"display_name":"admin","author_link":"https:\/\/colmedicosantafe1.org.ar\/?author=1"},"uagb_comment_info":0,"uagb_excerpt":"En el marco del Concurso Unificado para el ingreso a Residencias y\/o Concurrencias en Salud 2026, ya se encuentra disponible el cronograma oficial junto con la bibliograf\u00eda recomendada para los aspirantes. Esta publicaci\u00f3n se inscribe en el proceso de organizaci\u00f3n del sistema provincial de residencias, llevado adelante de manera articulada a trav\u00e9s de la Mesa&hellip;","_links":{"self":[{"href":"https:\/\/colmedicosantafe1.org.ar\/index.php?rest_route=\/wp\/v2\/pages\/1933","targetHints":{"allow":["GET"]}}],"collection":[{"href":"https:\/\/colmedicosantafe1.org.ar\/index.php?rest_route=\/wp\/v2\/pages"}],"about":[{"href":"https:\/\/colmedicosantafe1.org.ar\/index.php?rest_route=\/wp\/v2\/types\/page"}],"author":[{"embeddable":true,"href":"https:\/\/colmedicosantafe1.org.ar\/index.php?rest_route=\/wp\/v2\/users\/1"}],"replies":[{"embeddable":true,"href":"https:\/\/colmedicosantafe1.org.ar\/index.php?rest_route=%2Fwp%2Fv2%2Fcomments&post=1933"}],"version-history":[{"count":17,"href":"https:\/\/colmedicosantafe1.org.ar\/index.php?rest_route=\/wp\/v2\/pages\/1933\/revisions"}],"predecessor-version":[{"id":6197,"href":"https:\/\/colmedicosantafe1.org.ar\/index.php?rest_route=\/wp\/v2\/pages\/1933\/revisions\/6197"}],"wp:attachment":[{"href":"https:\/\/colmedicosantafe1.org.ar\/index.php?rest_route=%2Fwp%2Fv2%2Fmedia&parent=1933"}],"curies":[{"name":"wp","href":"https:\/\/api.w.org\/{rel}","templated":true}]}}