{"id":1914,"date":"2025-01-08T08:49:30","date_gmt":"2025-01-08T11:49:30","guid":{"rendered":"https:\/\/cmsf.org.ar\/sitio\/?page_id=1914"},"modified":"2025-04-08T10:28:30","modified_gmt":"2025-04-08T13:28:30","slug":"educacion-medica-de-postgrado","status":"publish","type":"page","link":"https:\/\/colmedicosantafe1.org.ar\/?page_id=1914","title":{"rendered":"Educaci\u00f3n M\u00e9dica de Postgrado"},"content":{"rendered":"\n<div class=\"wp-block-query alignwide is-layout-flow wp-block-query-is-layout-flow\">\n<div class=\"wp-block-group is-layout-flow wp-block-group-is-layout-flow\" style=\"margin-top:0;margin-bottom:0;padding-top:var(--wp--preset--spacing--20);padding-right:0;padding-bottom:var(--wp--preset--spacing--20);padding-left:0\"><ul class=\"columns-2 alignfull wp-block-post-template is-layout-grid wp-container-core-post-template-is-layout-523d4961 wp-block-post-template-is-layout-grid\"><li class=\"wp-block-post post-5993 post type-post status-publish format-standard has-post-thumbnail hentry category-cursos category-slider\">\n<figure style=\"aspect-ratio:auto; padding-bottom:var(--wp--preset--spacing--20);margin-bottom:0;\" class=\"wp-block-post-featured-image\"><a href=\"https:\/\/colmedicosantafe1.org.ar\/?p=5993\" target=\"_self\"  ><img loading=\"lazy\" decoding=\"async\" width=\"900\" height=\"600\" src=\"https:\/\/colmedicosantafe1.org.ar\/wp-content\/uploads\/2026\/03\/curso_endrocrino_nueva.webp\" class=\"attachment-post-thumbnail size-post-thumbnail wp-post-image\" alt=\"\ud83e\ude7a Curso: \u201cEndocrinolog\u00eda y Metabolismo en el Primer Nivel de Atenci\u00f3n: Herramientas para la Pr\u00e1ctica Diaria\u201d |Inicio: s\u00e1bado 11 de abril\" style=\"width:100%;height:100%;object-fit:cover;\" srcset=\"https:\/\/colmedicosantafe1.org.ar\/wp-content\/uploads\/2026\/03\/curso_endrocrino_nueva.webp 900w, https:\/\/colmedicosantafe1.org.ar\/wp-content\/uploads\/2026\/03\/curso_endrocrino_nueva-300x200.webp 300w, https:\/\/colmedicosantafe1.org.ar\/wp-content\/uploads\/2026\/03\/curso_endrocrino_nueva-768x512.webp 768w\" sizes=\"auto, (max-width: 900px) 100vw, 900px\" \/><\/a><\/figure>\n\n\n<div class=\"wp-block-group is-vertical is-nowrap is-layout-flex wp-container-core-group-is-layout-97ba36a5 wp-block-group-is-layout-flex\" style=\"margin-top:var(--wp--preset--spacing--20);padding-top:0\"><h6 class=\"wp-block-post-title has-large-font-size wp-container-content-32e3a40d\"><a href=\"https:\/\/colmedicosantafe1.org.ar\/?p=5993\" target=\"_self\" >\ud83e\ude7a Curso: \u201cEndocrinolog\u00eda y Metabolismo en el Primer Nivel de Atenci\u00f3n: Herramientas para la Pr\u00e1ctica Diaria\u201d |Inicio: s\u00e1bado 11 de abril<\/a><\/h6>\n\n<div class=\"wp-block-post-excerpt has-text-color has-contrast-2-color has-small-font-size wp-container-content-32e3a40d\"><p class=\"wp-block-post-excerpt__excerpt\">El s\u00e1bado 11 de abril dar\u00e1 inicio el curso \u201cEndocrinolog\u00eda y Metabolismo en el Primer Nivel de Atenci\u00f3n: Herramientas para la Pr\u00e1ctica Diaria\u201d, organizado por la Asociaci\u00f3n de Endocrinolog\u00eda y Metabolismo (ASEM). La propuesta est\u00e1 orientada a fortalecer la pr\u00e1ctica cl\u00ednica en el primer nivel de atenci\u00f3n, brindando herramientas actualizadas para el abordaje de las&hellip; <\/p><\/div>\n\n\n<div style=\"height:20px\" aria-hidden=\"true\" class=\"wp-block-spacer wp-container-content-62aae154\"><\/div>\n<\/div>\n\n<\/li><li class=\"wp-block-post post-6019 post type-post status-publish format-standard has-post-thumbnail hentry category-cursos\">\n<figure style=\"aspect-ratio:auto; padding-bottom:var(--wp--preset--spacing--20);margin-bottom:0;\" class=\"wp-block-post-featured-image\"><a href=\"https:\/\/colmedicosantafe1.org.ar\/?p=6019\" target=\"_self\"  ><img loading=\"lazy\" decoding=\"async\" width=\"724\" height=\"600\" src=\"https:\/\/colmedicosantafe1.org.ar\/wp-content\/uploads\/2026\/03\/curso_medicina_deporte.webp\" class=\"attachment-post-thumbnail size-post-thumbnail wp-post-image\" alt=\"\ud83c\udfeb \ud83c\udf93 El Colegio de M\u00e9dicos impulsa una nueva propuesta: Curso Superior en Medicina del Deporte (con beneficio exclusivo para m\u00e9dicos de la 1C)\" style=\"width:100%;height:100%;object-fit:cover;\" srcset=\"https:\/\/colmedicosantafe1.org.ar\/wp-content\/uploads\/2026\/03\/curso_medicina_deporte.webp 724w, https:\/\/colmedicosantafe1.org.ar\/wp-content\/uploads\/2026\/03\/curso_medicina_deporte-300x249.webp 300w\" sizes=\"auto, (max-width: 724px) 100vw, 724px\" \/><\/a><\/figure>\n\n\n<div class=\"wp-block-group is-vertical is-nowrap is-layout-flex wp-container-core-group-is-layout-97ba36a5 wp-block-group-is-layout-flex\" style=\"margin-top:var(--wp--preset--spacing--20);padding-top:0\"><h6 class=\"wp-block-post-title has-large-font-size wp-container-content-32e3a40d\"><a href=\"https:\/\/colmedicosantafe1.org.ar\/?p=6019\" target=\"_self\" >\ud83c\udfeb \ud83c\udf93 El Colegio de M\u00e9dicos impulsa una nueva propuesta: Curso Superior en Medicina del Deporte (con beneficio exclusivo para m\u00e9dicos de la 1C)<\/a><\/h6>\n\n<div class=\"wp-block-post-excerpt has-text-color has-contrast-2-color has-small-font-size wp-container-content-32e3a40d\"><p class=\"wp-block-post-excerpt__excerpt\">Con el objetivo de seguir fortaleciendo la formaci\u00f3n profesional, el Colegio de M\u00e9dicos de Santa Fe 1\u00aa Circunscripci\u00f3n, en conjunto con la Asociaci\u00f3n Civil de Medicina del Deporte de Buenos Aires, invita a participar del Curso Superior de Medicina del Deporte 2026. Esta propuesta busca acompa\u00f1ar el crecimiento del campo de la salud vinculado a&hellip; <\/p><\/div>\n\n\n<div style=\"height:20px\" aria-hidden=\"true\" class=\"wp-block-spacer wp-container-content-62aae154\"><\/div>\n<\/div>\n\n<\/li><li class=\"wp-block-post post-5951 post type-post status-publish format-standard has-post-thumbnail hentry category-cursos category-slider\">\n<figure style=\"aspect-ratio:auto; padding-bottom:var(--wp--preset--spacing--20);margin-bottom:0;\" class=\"wp-block-post-featured-image\"><a href=\"https:\/\/colmedicosantafe1.org.ar\/?p=5951\" target=\"_self\"  ><img loading=\"lazy\" decoding=\"async\" width=\"901\" height=\"600\" src=\"https:\/\/colmedicosantafe1.org.ar\/wp-content\/uploads\/2026\/03\/curso_investigacion.webp\" class=\"attachment-post-thumbnail size-post-thumbnail wp-post-image\" alt=\"\ud83d\udcda\ud83d\udcca TRANSFORM\u00c1 TU PR\u00c1CTICA CL\u00cdNICA : Aprende a aplicar evidencia cient\u00edfica con criterio |Inicio: mi\u00e9rcoles 29 de abril\" style=\"width:100%;height:100%;object-fit:cover;\" srcset=\"https:\/\/colmedicosantafe1.org.ar\/wp-content\/uploads\/2026\/03\/curso_investigacion.webp 901w, https:\/\/colmedicosantafe1.org.ar\/wp-content\/uploads\/2026\/03\/curso_investigacion-300x200.webp 300w, https:\/\/colmedicosantafe1.org.ar\/wp-content\/uploads\/2026\/03\/curso_investigacion-768x511.webp 768w\" sizes=\"auto, (max-width: 901px) 100vw, 901px\" \/><\/a><\/figure>\n\n\n<div class=\"wp-block-group is-vertical is-nowrap is-layout-flex wp-container-core-group-is-layout-97ba36a5 wp-block-group-is-layout-flex\" style=\"margin-top:var(--wp--preset--spacing--20);padding-top:0\"><h6 class=\"wp-block-post-title has-large-font-size wp-container-content-32e3a40d\"><a href=\"https:\/\/colmedicosantafe1.org.ar\/?p=5951\" target=\"_self\" >\ud83d\udcda\ud83d\udcca TRANSFORM\u00c1 TU PR\u00c1CTICA CL\u00cdNICA : Aprende a aplicar evidencia cient\u00edfica con criterio |Inicio: mi\u00e9rcoles 29 de abril<\/a><\/h6>\n\n<div class=\"wp-block-post-excerpt has-text-color has-contrast-2-color has-small-font-size wp-container-content-32e3a40d\"><p class=\"wp-block-post-excerpt__excerpt\">El Colegio de M\u00e9dicos de Santa Fe invita a estudiantes avanzados y profesionales de la salud a participar del curso &#8220;La evidencia en acci\u00f3n: herramientas para lectura cr\u00edtica y la toma de decisiones cl\u00ednicas. Curso te\u00f3rico pr\u00e1ctico &#8211; Edici\u00f3n 2026&#8220;, una propuesta de formaci\u00f3n orientada a fortalecer la pr\u00e1ctica cl\u00ednica mediante el an\u00e1lisis y la&hellip; <\/p><\/div>\n\n\n<div style=\"height:20px\" aria-hidden=\"true\" class=\"wp-block-spacer wp-container-content-62aae154\"><\/div>\n<\/div>\n\n<\/li><li class=\"wp-block-post post-5999 post type-post status-publish format-standard has-post-thumbnail hentry category-cursos category-slider\">\n<figure style=\"aspect-ratio:auto; padding-bottom:var(--wp--preset--spacing--20);margin-bottom:0;\" class=\"wp-block-post-featured-image\"><a href=\"https:\/\/colmedicosantafe1.org.ar\/?p=5999\" target=\"_self\"  ><img loading=\"lazy\" decoding=\"async\" width=\"612\" height=\"409\" src=\"https:\/\/colmedicosantafe1.org.ar\/wp-content\/uploads\/2025\/08\/curso-choferes-Sep2025.jpg\" class=\"attachment-post-thumbnail size-post-thumbnail wp-post-image\" alt=\"\ud83d\ude91 Capacitaci\u00f3n 2026 para Choferes de Ambulancias\" style=\"width:100%;height:100%;object-fit:cover;\" srcset=\"https:\/\/colmedicosantafe1.org.ar\/wp-content\/uploads\/2025\/08\/curso-choferes-Sep2025.jpg 612w, https:\/\/colmedicosantafe1.org.ar\/wp-content\/uploads\/2025\/08\/curso-choferes-Sep2025-300x200.jpg 300w\" sizes=\"auto, (max-width: 612px) 100vw, 612px\" \/><\/a><\/figure>\n\n\n<div class=\"wp-block-group is-vertical is-nowrap is-layout-flex wp-container-core-group-is-layout-97ba36a5 wp-block-group-is-layout-flex\" style=\"margin-top:var(--wp--preset--spacing--20);padding-top:0\"><h6 class=\"wp-block-post-title has-large-font-size wp-container-content-32e3a40d\"><a href=\"https:\/\/colmedicosantafe1.org.ar\/?p=5999\" target=\"_self\" >\ud83d\ude91 Capacitaci\u00f3n 2026 para Choferes de Ambulancias<\/a><\/h6>\n\n<div class=\"wp-block-post-excerpt has-text-color has-contrast-2-color has-small-font-size wp-container-content-32e3a40d\"><p class=\"wp-block-post-excerpt__excerpt\">El Colegio de M\u00e9dicos de la Provincia de Santa Fe \u2013 1ra. Circunscripci\u00f3n lanza una nueva edici\u00f3n del Curso Intensivo para Choferes de Ambulancias, una formaci\u00f3n clave para quienes tienen un rol fundamental en la respuesta ante emergencias. \ud83d\uddd3 Fecha: Lunes 11 de mayo\ud83d\udd58 Horario: 9 a 18 h.\ud83d\udccd Modalidad: Presencial | Sede: Av. Freyre&hellip; <\/p><\/div>\n\n\n<div style=\"height:20px\" aria-hidden=\"true\" class=\"wp-block-spacer wp-container-content-62aae154\"><\/div>\n<\/div>\n\n<\/li><li class=\"wp-block-post post-6032 post type-post status-publish format-standard has-post-thumbnail hentry category-webinarios\">\n<figure style=\"aspect-ratio:auto; padding-bottom:var(--wp--preset--spacing--20);margin-bottom:0;\" class=\"wp-block-post-featured-image\"><a href=\"https:\/\/colmedicosantafe1.org.ar\/?p=6032\" target=\"_self\"  ><img loading=\"lazy\" decoding=\"async\" width=\"1281\" height=\"600\" src=\"https:\/\/colmedicosantafe1.org.ar\/wp-content\/uploads\/2026\/03\/curso_confemeco_2026.webp\" class=\"attachment-post-thumbnail size-post-thumbnail wp-post-image\" alt=\"\ud83c\udde6\ud83c\uddf7\u00a0Se lanz\u00f3 el Curso Federal de Actualizaci\u00f3n M\u00e9dica 2026: una propuesta que une a profesionales de todo el pa\u00eds \ud83e\ude7a | Inicio: martes 7 de abril\" style=\"width:100%;height:100%;object-fit:cover;\" srcset=\"https:\/\/colmedicosantafe1.org.ar\/wp-content\/uploads\/2026\/03\/curso_confemeco_2026.webp 1281w, https:\/\/colmedicosantafe1.org.ar\/wp-content\/uploads\/2026\/03\/curso_confemeco_2026-300x141.webp 300w, https:\/\/colmedicosantafe1.org.ar\/wp-content\/uploads\/2026\/03\/curso_confemeco_2026-1024x480.webp 1024w, https:\/\/colmedicosantafe1.org.ar\/wp-content\/uploads\/2026\/03\/curso_confemeco_2026-768x360.webp 768w\" sizes=\"auto, (max-width: 1281px) 100vw, 1281px\" \/><\/a><\/figure>\n\n\n<div class=\"wp-block-group is-vertical is-nowrap is-layout-flex wp-container-core-group-is-layout-97ba36a5 wp-block-group-is-layout-flex\" style=\"margin-top:var(--wp--preset--spacing--20);padding-top:0\"><h6 class=\"wp-block-post-title has-large-font-size wp-container-content-32e3a40d\"><a href=\"https:\/\/colmedicosantafe1.org.ar\/?p=6032\" target=\"_self\" >\ud83c\udde6\ud83c\uddf7\u00a0Se lanz\u00f3 el Curso Federal de Actualizaci\u00f3n M\u00e9dica 2026: una propuesta que une a profesionales de todo el pa\u00eds \ud83e\ude7a | Inicio: martes 7 de abril<\/a><\/h6>\n\n<div class=\"wp-block-post-excerpt has-text-color has-contrast-2-color has-small-font-size wp-container-content-32e3a40d\"><p class=\"wp-block-post-excerpt__excerpt\">Con el objetivo de fortalecer la capacitaci\u00f3n continua \ud83d\udcda y promover el trabajo articulado entre jurisdicciones, se present\u00f3 el Curso Federal de Actualizaci\u00f3n M\u00e9dica 2026, una iniciativa conjunta que re\u00fane a m\u00e9dicos de distintas provincias argentinas en una propuesta formativa anual, gratuita y con el aval de la Confederaci\u00f3n M\u00e9dica de la Rep\u00fablica Argentina. \ud83d\udc69\u200d\u2695\ufe0f\ud83d\udc68\u200d\u2695\ufe0f&hellip; <\/p><\/div>\n\n\n<div style=\"height:20px\" aria-hidden=\"true\" class=\"wp-block-spacer wp-container-content-62aae154\"><\/div>\n<\/div>\n\n<\/li><li class=\"wp-block-post post-6050 post type-post status-publish format-standard has-post-thumbnail hentry category-webinarios\">\n<figure style=\"aspect-ratio:auto; padding-bottom:var(--wp--preset--spacing--20);margin-bottom:0;\" class=\"wp-block-post-featured-image\"><a href=\"https:\/\/colmedicosantafe1.org.ar\/?p=6050\" target=\"_self\"  ><img loading=\"lazy\" decoding=\"async\" width=\"948\" height=\"600\" src=\"https:\/\/colmedicosantafe1.org.ar\/wp-content\/uploads\/2026\/03\/Web_Emergencias.webp\" class=\"attachment-post-thumbnail size-post-thumbnail wp-post-image\" alt=\"\u26a0\ufe0f Webinario \u201cNuevos conceptos en la emergencia: \u00bfHacia d\u00f3nde vamos?\u201d \ud83d\ude91 | Lunes 6 de abril\" style=\"width:100%;height:100%;object-fit:cover;\" srcset=\"https:\/\/colmedicosantafe1.org.ar\/wp-content\/uploads\/2026\/03\/Web_Emergencias.webp 948w, https:\/\/colmedicosantafe1.org.ar\/wp-content\/uploads\/2026\/03\/Web_Emergencias-300x190.webp 300w, https:\/\/colmedicosantafe1.org.ar\/wp-content\/uploads\/2026\/03\/Web_Emergencias-768x486.webp 768w\" sizes=\"auto, (max-width: 948px) 100vw, 948px\" \/><\/a><\/figure>\n\n\n<div class=\"wp-block-group is-vertical is-nowrap is-layout-flex wp-container-core-group-is-layout-97ba36a5 wp-block-group-is-layout-flex\" style=\"margin-top:var(--wp--preset--spacing--20);padding-top:0\"><h6 class=\"wp-block-post-title has-large-font-size wp-container-content-32e3a40d\"><a href=\"https:\/\/colmedicosantafe1.org.ar\/?p=6050\" target=\"_self\" >\u26a0\ufe0f Webinario \u201cNuevos conceptos en la emergencia: \u00bfHacia d\u00f3nde vamos?\u201d \ud83d\ude91 | Lunes 6 de abril<\/a><\/h6>\n\n<div class=\"wp-block-post-excerpt has-text-color has-contrast-2-color has-small-font-size wp-container-content-32e3a40d\"><p class=\"wp-block-post-excerpt__excerpt\">El lunes 6 de abril a las 20:00 hs, el Colegio de M\u00e9dicos de Santa Fe organiza un webinar en el que se abordar\u00e1n los desaf\u00edos actuales y las nuevas perspectivas en el campo de la atenci\u00f3n de emergencias. La actividad propone un espacio de actualizaci\u00f3n y reflexi\u00f3n orientado a mejorar la respuesta ante situaciones&hellip; <\/p><\/div>\n\n\n<div style=\"height:20px\" aria-hidden=\"true\" class=\"wp-block-spacer wp-container-content-62aae154\"><\/div>\n<\/div>\n\n<\/li><\/ul>\n\n\n<div style=\"margin-top:0;margin-bottom:0;height:30px\" aria-hidden=\"true\" class=\"wp-block-spacer\"><\/div>\n\n\n<nav class=\"wp-block-query-pagination is-content-justification-space-between is-layout-flex wp-container-core-query-pagination-is-layout-b2891da8 wp-block-query-pagination-is-layout-flex\" aria-label=\"Paginaci\u00f3n\">\n\n\n<a href=\"\/index.php?rest_route=%2Fwp%2Fv2%2Fpages%2F1914&#038;query-150-page=2\" class=\"wp-block-query-pagination-next\">P\u00e1gina siguiente<span class='wp-block-query-pagination-next-arrow is-arrow-arrow' aria-hidden='true'>\u2192<\/span><\/a>\n<\/nav><\/div>\n<\/div>\n\n\n\n<p><\/p>\n","protected":false},"excerpt":{"rendered":"","protected":false},"author":1,"featured_media":0,"parent":0,"menu_order":0,"comment_status":"closed","ping_status":"closed","template":"cemp","meta":{"_uag_custom_page_level_css":"","footnotes":""},"class_list":["post-1914","page","type-page","status-publish","hentry"],"jetpack_sharing_enabled":true,"uagb_featured_image_src":{"full":false,"thumbnail":false,"medium":false,"medium_large":false,"large":false,"1536x1536":false,"2048x2048":false},"uagb_author_info":{"display_name":"admin","author_link":"https:\/\/colmedicosantafe1.org.ar\/?author=1"},"uagb_comment_info":0,"uagb_excerpt":null,"_links":{"self":[{"href":"https:\/\/colmedicosantafe1.org.ar\/index.php?rest_route=\/wp\/v2\/pages\/1914","targetHints":{"allow":["GET"]}}],"collection":[{"href":"https:\/\/colmedicosantafe1.org.ar\/index.php?rest_route=\/wp\/v2\/pages"}],"about":[{"href":"https:\/\/colmedicosantafe1.org.ar\/index.php?rest_route=\/wp\/v2\/types\/page"}],"author":[{"embeddable":true,"href":"https:\/\/colmedicosantafe1.org.ar\/index.php?rest_route=\/wp\/v2\/users\/1"}],"replies":[{"embeddable":true,"href":"https:\/\/colmedicosantafe1.org.ar\/index.php?rest_route=%2Fwp%2Fv2%2Fcomments&post=1914"}],"version-history":[{"count":19,"href":"https:\/\/colmedicosantafe1.org.ar\/index.php?rest_route=\/wp\/v2\/pages\/1914\/revisions"}],"predecessor-version":[{"id":4365,"href":"https:\/\/colmedicosantafe1.org.ar\/index.php?rest_route=\/wp\/v2\/pages\/1914\/revisions\/4365"}],"wp:attachment":[{"href":"https:\/\/colmedicosantafe1.org.ar\/index.php?rest_route=%2Fwp%2Fv2%2Fmedia&parent=1914"}],"curies":[{"name":"wp","href":"https:\/\/api.w.org\/{rel}","templated":true}]}}