{"id":1899,"date":"2025-01-07T12:48:46","date_gmt":"2025-01-07T15:48:46","guid":{"rendered":"https:\/\/cmsf.org.ar\/sitio\/?page_id=1899"},"modified":"2025-04-04T15:43:47","modified_gmt":"2025-04-04T18:43:47","slug":"declaracion-jurada","status":"publish","type":"page","link":"https:\/\/colmedicosantafe1.org.ar\/?page_id=1899","title":{"rendered":"Declaraci\u00f3n Jurada"},"content":{"rendered":"\n<div class=\"wp-block-uagb-advanced-heading uagb-block-83c14f61\"><h3 class=\"uagb-heading-text\">Declaraci\u00f3n Jurada<\/h3><\/div>\n\n\n\n<div style=\"height:75px\" aria-hidden=\"true\" class=\"wp-block-spacer\"><\/div>\n\n\n\n<p><strong>Declaraci\u00f3n Jurada de DISPONIBILIDAD HORARIA Click <a href=\"https:\/\/colmedicosantafe1.org.ar\/wp-content\/uploads\/2025\/01\/DECLARACION_JURADA.pdf\" target=\"_blank\" rel=\"noreferrer noopener\">Aqu\u00ed<\/a> para descargarla<\/strong><\/p>\n\n\n\n<p><strong>ADVERTENCIA<\/strong><br>Por resoluci\u00f3n del H. Consejo del colegio de M\u00e9dicos de la Primera Circunscripci\u00f3n, reca\u00edda en la reuni\u00f3n del 7\/11\/1965 toda vez que un colegiado se manifieste renuente para presentar su declaraci\u00f3n jurada, o lo haga con falsedad u omisi\u00f3n voluntaria, la Mesa Directiva podr\u00e1 aplicar al colegio infractor una multa de cincuenta a doscientos pesos argentinos ($ 50 a $ 200), seg\u00fan la gravedad de la infracci\u00f3n.<br><br><strong>LEY 9839 &#8211; Click <a href=\"https:\/\/colmedicosantafe1.org.ar\/wp-content\/uploads\/2025\/01\/Ley_9839_-_Modificatorias_de_la_Ley_9282.pdf\" target=\"_blank\" rel=\"noreferrer noopener\">Aqu\u00ed<\/a> para descargarla<\/strong><\/p>\n\n\n\n<div style=\"height:75px\" aria-hidden=\"true\" class=\"wp-block-spacer\"><\/div>\n","protected":false},"excerpt":{"rendered":"<p>Declaraci\u00f3n Jurada Declaraci\u00f3n Jurada de DISPONIBILIDAD HORARIA Click Aqu\u00ed para descargarla ADVERTENCIAPor resoluci\u00f3n del H. Consejo del colegio de M\u00e9dicos de la Primera Circunscripci\u00f3n, reca\u00edda en la reuni\u00f3n del 7\/11\/1965 toda vez que un colegiado se manifieste renuente para presentar su declaraci\u00f3n jurada, o lo haga con falsedad u omisi\u00f3n voluntaria, la Mesa Directiva podr\u00e1 [&hellip;]<\/p>\n","protected":false},"author":1,"featured_media":0,"parent":0,"menu_order":0,"comment_status":"closed","ping_status":"closed","template":"","meta":{"_uag_custom_page_level_css":"","footnotes":""},"class_list":["post-1899","page","type-page","status-publish","hentry"],"jetpack_sharing_enabled":true,"uagb_featured_image_src":{"full":false,"thumbnail":false,"medium":false,"medium_large":false,"large":false,"1536x1536":false,"2048x2048":false},"uagb_author_info":{"display_name":"admin","author_link":"https:\/\/colmedicosantafe1.org.ar\/?author=1"},"uagb_comment_info":0,"uagb_excerpt":"Declaraci\u00f3n Jurada Declaraci\u00f3n Jurada de DISPONIBILIDAD HORARIA Click Aqu\u00ed para descargarla ADVERTENCIAPor resoluci\u00f3n del H. Consejo del colegio de M\u00e9dicos de la Primera Circunscripci\u00f3n, reca\u00edda en la reuni\u00f3n del 7\/11\/1965 toda vez que un colegiado se manifieste renuente para presentar su declaraci\u00f3n jurada, o lo haga con falsedad u omisi\u00f3n voluntaria, la Mesa Directiva podr\u00e1&hellip;","_links":{"self":[{"href":"https:\/\/colmedicosantafe1.org.ar\/index.php?rest_route=\/wp\/v2\/pages\/1899","targetHints":{"allow":["GET"]}}],"collection":[{"href":"https:\/\/colmedicosantafe1.org.ar\/index.php?rest_route=\/wp\/v2\/pages"}],"about":[{"href":"https:\/\/colmedicosantafe1.org.ar\/index.php?rest_route=\/wp\/v2\/types\/page"}],"author":[{"embeddable":true,"href":"https:\/\/colmedicosantafe1.org.ar\/index.php?rest_route=\/wp\/v2\/users\/1"}],"replies":[{"embeddable":true,"href":"https:\/\/colmedicosantafe1.org.ar\/index.php?rest_route=%2Fwp%2Fv2%2Fcomments&post=1899"}],"version-history":[{"count":3,"href":"https:\/\/colmedicosantafe1.org.ar\/index.php?rest_route=\/wp\/v2\/pages\/1899\/revisions"}],"predecessor-version":[{"id":4317,"href":"https:\/\/colmedicosantafe1.org.ar\/index.php?rest_route=\/wp\/v2\/pages\/1899\/revisions\/4317"}],"wp:attachment":[{"href":"https:\/\/colmedicosantafe1.org.ar\/index.php?rest_route=%2Fwp%2Fv2%2Fmedia&parent=1899"}],"curies":[{"name":"wp","href":"https:\/\/api.w.org\/{rel}","templated":true}]}}