{"id":1605,"date":"2024-12-30T12:48:14","date_gmt":"2024-12-30T15:48:14","guid":{"rendered":"https:\/\/cmsf.org.ar\/sitio\/?page_id=1605"},"modified":"2025-12-03T08:40:57","modified_gmt":"2025-12-03T11:40:57","slug":"revistas","status":"publish","type":"page","link":"https:\/\/colmedicosantafe1.org.ar\/?page_id=1605","title":{"rendered":"Revistas"},"content":{"rendered":"\n<figure class=\"wp-block-image size-large\"><img loading=\"lazy\" decoding=\"async\" width=\"1024\" height=\"88\" src=\"https:\/\/colmedicosantafe1.org.ar\/wp-content\/uploads\/2024\/12\/Publicaciones_banner-1024x88.png\" alt=\"\" class=\"wp-image-1590\" srcset=\"https:\/\/colmedicosantafe1.org.ar\/wp-content\/uploads\/2024\/12\/Publicaciones_banner-1024x88.png 1024w, https:\/\/colmedicosantafe1.org.ar\/wp-content\/uploads\/2024\/12\/Publicaciones_banner-300x26.png 300w, https:\/\/colmedicosantafe1.org.ar\/wp-content\/uploads\/2024\/12\/Publicaciones_banner-768x66.png 768w, https:\/\/colmedicosantafe1.org.ar\/wp-content\/uploads\/2024\/12\/Publicaciones_banner.png 1146w\" sizes=\"auto, (max-width: 1024px) 100vw, 1024px\" \/><\/figure>\n\n\n\n<div style=\"height:75px\" aria-hidden=\"true\" class=\"wp-block-spacer\"><\/div>\n\n\n\n<p class=\"has-small-font-size\" style=\"margin-top:var(--wp--preset--spacing--10);margin-bottom:var(--wp--preset--spacing--10)\">Se encuentra disponible en versi\u00f3n papel y digital una nueva edici\u00f3n de la Revista del Colegio de M\u00e9dicos de Santa Fe.. Esta publicaci\u00f3n cuenta con ISSN y est\u00e1 registrada en el CAYCIT.<br><br><strong>ISSN &#8211; 2618 &#8211; 4664 (Impreso) | ISSN &#8211; 2618 &#8211; 4672 (On-Line)<\/strong><\/p>\n\n\n\n<h5 class=\"wp-block-heading has-text-align-center\" style=\"margin-top:var(--wp--preset--spacing--10);margin-bottom:var(--wp--preset--spacing--10)\"><strong>A\u00d1O IX &#8211; NRO. 18<\/strong><\/h5>\n\n\n<div class=\"_df_book df-lite\" id=\"df_5667\"  _slug=\"ano-ix-nro-18\" data-title=\"ano-ix-nro-18\" wpoptions=\"true\" thumb=\"https:\/\/colmedicosantafe1.org.ar\/wp-content\/uploads\/2025\/12\/CMSF_N18_2025.png\" thumbtype=\"\" ><\/div><script class=\"df-shortcode-script\" nowprocket type=\"application\/javascript\">window.option_df_5667 = {\"outline\":[],\"autoEnableOutline\":\"false\",\"autoEnableThumbnail\":\"false\",\"overwritePDFOutline\":\"false\",\"direction\":\"1\",\"pageSize\":\"0\",\"source\":\"https:\\\/\\\/colmedicosantafe1.org.ar\\\/wp-content\\\/uploads\\\/2025\\\/12\\\/Revista_colegio_de_medicos_N18_2025_.pdf\",\"wpOptions\":\"true\"}; if(window.DFLIP && window.DFLIP.parseBooks){window.DFLIP.parseBooks();}<\/script>\n\n\n\n<div style=\"height:75px\" aria-hidden=\"true\" class=\"wp-block-spacer\"><\/div>\n\n\n<div class=\"dflip-books\"><div class=\"_df_thumb \" id=\"df_4865\"  _slug=\"ano-ix-nro-17\" data-title=\"ano-ix-nro-17\" wpoptions=\"true\" thumb=\"https:\/\/colmedicosantafe1.org.ar\/wp-content\/uploads\/2025\/07\/CMSF_N17_2025.png\" thumbtype=\"\" >A\u00d1O IX \u2013 NRO. 17<\/div><script class=\"df-shortcode-script\" nowprocket type=\"application\/javascript\">window.option_df_4865 = {\"outline\":[],\"autoEnableOutline\":\"false\",\"autoEnableThumbnail\":\"false\",\"overwritePDFOutline\":\"false\",\"direction\":\"1\",\"pageSize\":\"0\",\"source\":\"https:\\\/\\\/colmedicosantafe1.org.ar\\\/wp-content\\\/uploads\\\/2025\\\/07\\\/Revista_colegio_de_medicos_N17_2025.pdf\",\"wpOptions\":\"true\"}; if(window.DFLIP && window.DFLIP.parseBooks){window.DFLIP.parseBooks();}<\/script><div class=\"_df_thumb \" id=\"df_1727\"  _slug=\"ano-viii-nro-16\" data-title=\"ano-viii-nro-16\" wpoptions=\"true\" thumb=\"https:\/\/colmedicosantafe1.org.ar\/wp-content\/uploads\/2025\/01\/CMSF_N16_2024.png\" thumbtype=\"\" >A\u00d1O VIII &#8211; NRO. 16<\/div><script class=\"df-shortcode-script\" nowprocket type=\"application\/javascript\">window.option_df_1727 = {\"outline\":[],\"autoEnableOutline\":\"false\",\"autoEnableThumbnail\":\"false\",\"overwritePDFOutline\":\"false\",\"direction\":\"1\",\"pageSize\":\"0\",\"source\":\"https:\\\/\\\/colmedicosantafe1.org.ar\\\/wp-content\\\/uploads\\\/2025\\\/01\\\/Revista_colegio_de_medicos_N16_2024.pdf\",\"wpOptions\":\"true\"}; if(window.DFLIP && window.DFLIP.parseBooks){window.DFLIP.parseBooks();}<\/script><div class=\"_df_thumb \" id=\"df_1725\"  _slug=\"ano-viii-nro-15\" data-title=\"ano-viii-nro-15\" wpoptions=\"true\" thumb=\"https:\/\/colmedicosantafe1.org.ar\/wp-content\/uploads\/2025\/01\/CMSF_N15_2024.png\" thumbtype=\"\" >A\u00d1O VIII &#8211; NRO. 15<\/div><script class=\"df-shortcode-script\" nowprocket type=\"application\/javascript\">window.option_df_1725 = {\"outline\":[],\"autoEnableOutline\":\"false\",\"autoEnableThumbnail\":\"false\",\"overwritePDFOutline\":\"false\",\"direction\":\"1\",\"pageSize\":\"0\",\"source\":\"https:\\\/\\\/colmedicosantafe1.org.ar\\\/wp-content\\\/uploads\\\/2025\\\/01\\\/Revista_colegio_de_medicos_N15_2024.pdf\",\"wpOptions\":\"true\"}; if(window.DFLIP && window.DFLIP.parseBooks){window.DFLIP.parseBooks();}<\/script><div class=\"_df_thumb \" id=\"df_1723\"  _slug=\"ano-vii-nro-14\" data-title=\"ano-vii-nro-14\" wpoptions=\"true\" thumb=\"https:\/\/colmedicosantafe1.org.ar\/wp-content\/uploads\/2025\/01\/CMSF_N14_2023.png\" thumbtype=\"\" >A\u00d1O VII &#8211; NRO. 14<\/div><script class=\"df-shortcode-script\" nowprocket type=\"application\/javascript\">window.option_df_1723 = {\"outline\":[],\"autoEnableOutline\":\"false\",\"autoEnableThumbnail\":\"false\",\"overwritePDFOutline\":\"false\",\"direction\":\"1\",\"pageSize\":\"0\",\"source\":\"https:\\\/\\\/colmedicosantafe1.org.ar\\\/wp-content\\\/uploads\\\/2025\\\/01\\\/Revista_colegio_de_medicos_N14_2023.pdf\",\"wpOptions\":\"true\"}; if(window.DFLIP && window.DFLIP.parseBooks){window.DFLIP.parseBooks();}<\/script><div class=\"_df_thumb \" id=\"df_1720\"  _slug=\"ano-vii-nro-13\" data-title=\"ano-vii-nro-13\" wpoptions=\"true\" thumb=\"https:\/\/colmedicosantafe1.org.ar\/wp-content\/uploads\/2025\/01\/CMSF_N13_2023.png\" thumbtype=\"\" >A\u00d1O VII &#8211; NRO. 13<\/div><script class=\"df-shortcode-script\" nowprocket type=\"application\/javascript\">window.option_df_1720 = {\"outline\":[],\"autoEnableOutline\":\"false\",\"autoEnableThumbnail\":\"false\",\"overwritePDFOutline\":\"false\",\"direction\":\"1\",\"pageSize\":\"0\",\"source\":\"https:\\\/\\\/colmedicosantafe1.org.ar\\\/wp-content\\\/uploads\\\/2025\\\/01\\\/Revista_colegio_de_medicos_N13_2023.pdf\",\"wpOptions\":\"true\"}; if(window.DFLIP && window.DFLIP.parseBooks){window.DFLIP.parseBooks();}<\/script><\/div>\n\n\n\n<div style=\"height:45px\" aria-hidden=\"true\" class=\"wp-block-spacer\"><\/div>\n\n\n\n<div class=\"wp-block-buttons is-content-justification-center is-layout-flex wp-container-core-buttons-is-layout-a89b3969 wp-block-buttons-is-layout-flex\">\n<div class=\"wp-block-button has-custom-width wp-block-button__width-50\"><a class=\"wp-block-button__link has-background wp-element-button\" href=\"https:\/\/colmedicosantafe1.org.ar\/?page_id=1778\" style=\"background-color:#00774c\">Ver m\u00e1s..<\/a><\/div>\n<\/div>\n\n\n\n<hr class=\"wp-block-separator has-text-color has-alpha-channel-opacity has-background is-style-wide\" style=\"margin-top:var(--wp--preset--spacing--10);margin-bottom:var(--wp--preset--spacing--10);background-color:#333333;color:#333333\"\/>\n\n\n\n<div class=\"wp-block-columns is-layout-flex wp-container-core-columns-is-layout-28f84493 wp-block-columns-is-layout-flex\">\n<div class=\"wp-block-column is-layout-flow wp-block-column-is-layout-flow\" style=\"flex-basis:66.66%\">\n<p><strong>PR\u00d3XIMO N\u00daMERO<\/strong><br><br>La Revista del Colegio de M\u00e9dicos de Santa Fe se publica dos veces al a\u00f1o y el comit\u00e9 editor ya se encuentra trabajando en el pr\u00f3ximo n\u00famero. Los idiomas oficiales de las publicaciones son el espa\u00f1ol y el portugu\u00e9s. Pero se acepta tambi\u00e9n el env\u00edo de manuscritos en ingl\u00e9s.<br>Para la <strong>entrega de los textos<\/strong> se encuentra activa una plataforma en nuestra p\u00e1gina web donde se podr\u00e1 realizar la gesti\u00f3n de los art\u00edculos propuestos para su publicaci\u00f3n.<\/p>\n<\/div>\n\n\n\n<div class=\"wp-block-column is-vertically-aligned-center is-layout-flow wp-block-column-is-layout-flow\" style=\"padding-right:var(--wp--preset--spacing--20);padding-left:var(--wp--preset--spacing--20);flex-basis:33.33%\">\n<div class=\"wp-block-buttons is-layout-flex wp-block-buttons-is-layout-flex\">\n<div class=\"wp-block-button has-custom-width wp-block-button__width-100\"><a class=\"wp-block-button__link has-background wp-element-button\" href=\"https:\/\/colmedicosantafe1.org.ar\/?page_id=1589\" style=\"background-color:#00774c\">\u00bfC\u00f3mo publico?<\/a><\/div>\n\n\n\n<div class=\"wp-block-button has-custom-width wp-block-button__width-100\"><a class=\"wp-block-button__link has-background wp-element-button\" href=\"https:\/\/colmedicosantafe1.org.ar\/publicaciones\/index_.php\" style=\"background-color:#333333\" target=\"_blank\" rel=\"noreferrer noopener\">Plataforma gesti\u00f3n de art\u00edculos<\/a><\/div>\n<\/div>\n<\/div>\n<\/div>\n\n\n\n<hr class=\"wp-block-separator has-text-color has-alpha-channel-opacity has-background is-style-wide\" style=\"margin-top:var(--wp--preset--spacing--10);margin-bottom:var(--wp--preset--spacing--10);background-color:#333333;color:#333333\"\/>\n\n\n\n<div class=\"wp-block-columns is-layout-flex wp-container-core-columns-is-layout-4cc58c33 wp-block-columns-is-layout-flex\" style=\"margin-bottom:var(--wp--preset--spacing--10)\">\n<div class=\"wp-block-column is-layout-flow wp-block-column-is-layout-flow\" style=\"flex-basis:66.66%\">\n<p><strong>OTRAS PUBLICACIONES<\/strong><br><br>Aqu\u00ed puede conocer y consultar todas las&nbsp;publicaciones&nbsp;digitales disponibles que fueron realizadas desde el Colegio de M\u00e9dicos de Santa Fe y en conjunto.<\/p>\n<\/div>\n\n\n\n<div class=\"wp-block-column is-vertically-aligned-center is-layout-flow wp-block-column-is-layout-flow\" style=\"padding-right:var(--wp--preset--spacing--20);padding-left:var(--wp--preset--spacing--20);flex-basis:33.33%\">\n<div class=\"wp-block-buttons is-content-justification-center is-layout-flex wp-container-core-buttons-is-layout-a89b3969 wp-block-buttons-is-layout-flex\">\n<div class=\"wp-block-button has-custom-width wp-block-button__width-100\"><a class=\"wp-block-button__link has-background wp-element-button\" href=\"https:\/\/colmedicosantafe1.org.ar\/?page_id=1778\" style=\"background-color:#00774c\">Ver publicaciones<\/a><\/div>\n<\/div>\n<\/div>\n<\/div>\n\n\n\n<div style=\"height:58px\" aria-hidden=\"true\" class=\"wp-block-spacer\"><\/div>\n","protected":false},"excerpt":{"rendered":"<p>Se encuentra disponible en versi\u00f3n papel y digital una nueva edici\u00f3n de la Revista del Colegio de M\u00e9dicos de Santa Fe.. Esta publicaci\u00f3n cuenta con ISSN y est\u00e1 registrada en el CAYCIT. ISSN &#8211; 2618 &#8211; 4664 (Impreso) | ISSN &#8211; 2618 &#8211; 4672 (On-Line) A\u00d1O IX &#8211; NRO. 18 PR\u00d3XIMO N\u00daMERO La Revista del [&hellip;]<\/p>\n","protected":false},"author":1,"featured_media":0,"parent":0,"menu_order":0,"comment_status":"closed","ping_status":"closed","template":"revistas_todas","meta":{"_uag_custom_page_level_css":"","footnotes":""},"class_list":["post-1605","page","type-page","status-publish","hentry"],"jetpack_sharing_enabled":true,"uagb_featured_image_src":{"full":false,"thumbnail":false,"medium":false,"medium_large":false,"large":false,"1536x1536":false,"2048x2048":false},"uagb_author_info":{"display_name":"admin","author_link":"https:\/\/colmedicosantafe1.org.ar\/?author=1"},"uagb_comment_info":0,"uagb_excerpt":"Se encuentra disponible en versi\u00f3n papel y digital una nueva edici\u00f3n de la Revista del Colegio de M\u00e9dicos de Santa Fe.. Esta publicaci\u00f3n cuenta con ISSN y est\u00e1 registrada en el CAYCIT. ISSN &#8211; 2618 &#8211; 4664 (Impreso) | ISSN &#8211; 2618 &#8211; 4672 (On-Line) A\u00d1O IX &#8211; NRO. 18 PR\u00d3XIMO N\u00daMERO La Revista del&hellip;","_links":{"self":[{"href":"https:\/\/colmedicosantafe1.org.ar\/index.php?rest_route=\/wp\/v2\/pages\/1605","targetHints":{"allow":["GET"]}}],"collection":[{"href":"https:\/\/colmedicosantafe1.org.ar\/index.php?rest_route=\/wp\/v2\/pages"}],"about":[{"href":"https:\/\/colmedicosantafe1.org.ar\/index.php?rest_route=\/wp\/v2\/types\/page"}],"author":[{"embeddable":true,"href":"https:\/\/colmedicosantafe1.org.ar\/index.php?rest_route=\/wp\/v2\/users\/1"}],"replies":[{"embeddable":true,"href":"https:\/\/colmedicosantafe1.org.ar\/index.php?rest_route=%2Fwp%2Fv2%2Fcomments&post=1605"}],"version-history":[{"count":45,"href":"https:\/\/colmedicosantafe1.org.ar\/index.php?rest_route=\/wp\/v2\/pages\/1605\/revisions"}],"predecessor-version":[{"id":5673,"href":"https:\/\/colmedicosantafe1.org.ar\/index.php?rest_route=\/wp\/v2\/pages\/1605\/revisions\/5673"}],"wp:attachment":[{"href":"https:\/\/colmedicosantafe1.org.ar\/index.php?rest_route=%2Fwp%2Fv2%2Fmedia&parent=1605"}],"curies":[{"name":"wp","href":"https:\/\/api.w.org\/{rel}","templated":true}]}}