{"id":1589,"date":"2024-12-30T12:15:04","date_gmt":"2024-12-30T15:15:04","guid":{"rendered":"https:\/\/cmsf.org.ar\/sitio\/?page_id=1589"},"modified":"2025-04-11T10:00:57","modified_gmt":"2025-04-11T13:00:57","slug":"publicaciones","status":"publish","type":"page","link":"https:\/\/colmedicosantafe1.org.ar\/?page_id=1589","title":{"rendered":"Publicaciones"},"content":{"rendered":"\n<figure class=\"wp-block-image size-large\"><img loading=\"lazy\" decoding=\"async\" width=\"1024\" height=\"88\" src=\"https:\/\/colmedicosantafe1.org.ar\/wp-content\/uploads\/2024\/12\/Publicaciones_banner-1024x88.png\" alt=\"\" class=\"wp-image-1590\" srcset=\"https:\/\/colmedicosantafe1.org.ar\/wp-content\/uploads\/2024\/12\/Publicaciones_banner-1024x88.png 1024w, https:\/\/colmedicosantafe1.org.ar\/wp-content\/uploads\/2024\/12\/Publicaciones_banner-300x26.png 300w, https:\/\/colmedicosantafe1.org.ar\/wp-content\/uploads\/2024\/12\/Publicaciones_banner-768x66.png 768w, https:\/\/colmedicosantafe1.org.ar\/wp-content\/uploads\/2024\/12\/Publicaciones_banner.png 1146w\" sizes=\"auto, (max-width: 1024px) 100vw, 1024px\" \/><\/figure>\n\n\n\n<div style=\"height:75px\" aria-hidden=\"true\" class=\"wp-block-spacer\"><\/div>\n\n\n\n<p class=\"has-small-font-size\"><strong>\u00bfC\u00d3MO PUBLICO UN ARTICULO EN LA REVISTA?<\/strong><\/p>\n\n\n\n<p class=\"has-small-font-size\" style=\"margin-top:var(--wp--preset--spacing--10);margin-bottom:var(--wp--preset--spacing--10)\">Les dejamos a su disposici\u00f3n videos tutoriales que los ayudar\u00e1n a realizar una publicaci\u00f3n en la nueva edici\u00f3n de la Revista del Colegio de M\u00e9dicos de Santa Fe.<\/p>\n\n\n\n<ul class=\"wp-block-list\">\n<li class=\"has-small-font-size\"><a href=\"https:\/\/www.youtube.com\/watch?v=ohDMk_ObMBE&amp;t=12s\">Como registrase en el entorno de publicaciones de la revista del colegio de m\u00e9dicos<\/a><\/li>\n\n\n\n<li class=\"has-small-font-size\"><a href=\"https:\/\/www.youtube.com\/watch?v=JiEQwaCADt4\">Como subir articulo para publicar en la revista del colegio de m\u00e9dicos<\/a><\/li>\n<\/ul>\n\n\n\n<hr class=\"wp-block-separator has-text-color has-alpha-channel-opacity has-background is-style-wide\" style=\"margin-top:var(--wp--preset--spacing--10);margin-bottom:var(--wp--preset--spacing--10);background-color:#333333;color:#333333\"\/>\n\n\n\n<p class=\"has-small-font-size\"><strong>PLATAFORMA PARA PUBLICAR EN LA REVISTA<\/strong><\/p>\n\n\n\n<div class=\"wp-block-columns is-layout-flex wp-container-core-columns-is-layout-28f84493 wp-block-columns-is-layout-flex\">\n<div class=\"wp-block-column is-layout-flow wp-block-column-is-layout-flow\" style=\"flex-basis:66.66%\">\n<p class=\"has-small-font-size\" style=\"margin-top:var(--wp--preset--spacing--10)\">Ingresando a esta plataforma podr\u00e1n subir y realizar una publicaci\u00f3n en la nueva edici\u00f3n de la Revista del Colegio de M\u00e9dicos de Santa Fe.<\/p>\n<\/div>\n\n\n\n<div class=\"wp-block-column is-layout-flow wp-block-column-is-layout-flow\" style=\"flex-basis:33.33%\">\n<div class=\"wp-block-buttons is-content-justification-center is-layout-flex wp-container-core-buttons-is-layout-a89b3969 wp-block-buttons-is-layout-flex\">\n<div class=\"wp-block-button\"><a class=\"wp-block-button__link has-background wp-element-button\" href=\"http:\/\/200.58.126.44\/publicaciones\/\" style=\"background-color:#00774c\">Acceso a plataforma<\/a><\/div>\n<\/div>\n<\/div>\n<\/div>\n\n\n\n<hr class=\"wp-block-separator has-text-color has-alpha-channel-opacity has-background is-style-wide\" style=\"margin-top:var(--wp--preset--spacing--10);margin-bottom:var(--wp--preset--spacing--10);background-color:#333333;color:#333333\"\/>\n\n\n\n<p class=\"has-small-font-size\" style=\"margin-top:var(--wp--preset--spacing--10);margin-bottom:var(--wp--preset--spacing--10)\"><strong>INSTRUCCIONES PARA AUTORES<\/strong><\/p>\n\n\n\n<p class=\"has-small-font-size\">Ingresando a esta plataforma podr\u00e1n subir y realizar una publicaci\u00f3n en la nueva edici\u00f3n de la Revista del Colegio de M\u00e9dicos de Santa Fe.<\/p>\n\n\n\n<div class=\"wp-block-file\" style=\"padding-top:var(--wp--preset--spacing--10);padding-right:var(--wp--preset--spacing--10);padding-bottom:var(--wp--preset--spacing--10);padding-left:var(--wp--preset--spacing--10)\"><a id=\"wp-block-file--media-31158548-67e8-4610-966f-df70ce12c75b\" href=\"https:\/\/colmedicosantafe1.org.ar\/wp-content\/uploads\/2024\/12\/REGLAMENTO_DE_LA_REVISTA_COLEGIO.pdf\">Instrucciones para Autores<\/a><\/div>\n\n\n\n<div class=\"wp-block-file\" style=\"padding-top:var(--wp--preset--spacing--10);padding-right:var(--wp--preset--spacing--10);padding-bottom:var(--wp--preset--spacing--10);padding-left:var(--wp--preset--spacing--10)\"><a id=\"wp-block-file--media-3a108710-bedb-498c-bd79-95534c83d1ae\" href=\"https:\/\/colmedicosantafe1.org.ar\/wp-content\/uploads\/2024\/12\/Guia-Normas-APA-7ma-edicion.pdf\">Normas APA<\/a><\/div>\n\n\n\n<div class=\"wp-block-file\" style=\"padding-top:var(--wp--preset--spacing--10);padding-right:var(--wp--preset--spacing--10);padding-bottom:var(--wp--preset--spacing--10);padding-left:var(--wp--preset--spacing--10)\"><a id=\"wp-block-file--media-8e13b723-784d-4aac-8a00-47cb5ef7058c\" href=\"https:\/\/colmedicosantafe1.org.ar\/wp-content\/uploads\/2024\/12\/NORMASVANCOUVER.pdf\">Normas Vancouver<\/a><\/div>\n\n\n\n<hr class=\"wp-block-separator has-text-color has-alpha-channel-opacity has-background is-style-wide\" style=\"margin-top:var(--wp--preset--spacing--10);margin-bottom:var(--wp--preset--spacing--10);background-color:#333333;color:#333333\"\/>\n\n\n\n<p class=\"has-small-font-size\" style=\"margin-top:var(--wp--preset--spacing--10);margin-bottom:var(--wp--preset--spacing--10)\"><strong>CERTIFICACI\u00d3N Y CESI\u00d3N DE LOS DERECHOS DE AUTOR<\/strong><\/p>\n\n\n\n<p class=\"has-small-font-size\">Todos los autores que env\u00edan un manuscrito lo acompa\u00f1an de un formulario en el que:\u2028<\/p>\n\n\n\n<ol class=\"wp-block-list has-small-font-size\">\n<li>Ceden los derechos de autor a Actas M\u00e9dicas Santafesinas<\/li>\n\n\n\n<li>Se hacen responsables de los datos y contenidos<\/li>\n\n\n\n<li>Dejan constancia de que ha participado activamente en el proceso de la investigaci\u00f3n y\/o la confecci\u00f3n del manuscrito<\/li>\n\n\n\n<li>Declaran eventuales conflictos de intereses<\/li>\n\n\n\n<li>Mencionan los soportes financieros<\/li>\n\n\n\n<li>Explicitan la aprobaci\u00f3n por los comit\u00e9s institucionales y autoridades regulatorias que correspondan a cada caso<\/li>\n<\/ol>\n\n\n\n<p class=\"has-small-font-size\" style=\"padding-top:var(--wp--preset--spacing--10);padding-bottom:var(--wp--preset--spacing--10)\">Debe descargar y completar el siguiente formulario: <a href=\"https:\/\/colmedicosantafe1.org.ar\/wp-content\/uploads\/2025\/04\/certificacionycesion.pdf\" data-type=\"link\" data-id=\"https:\/\/colmedicosantafe1.org.ar\/wp-content\/uploads\/2025\/04\/certificacionycesion.pdf\">Certificaci\u00f3n y Cesi\u00f3n de Derechos de Autor,<\/a> luego escanerlo y subirlo a trav\u00e9s de la siguiente forma:<\/p>\n\n\n\n<p><\/p>\n","protected":false},"excerpt":{"rendered":"<p>\u00bfC\u00d3MO PUBLICO UN ARTICULO EN LA REVISTA? Les dejamos a su disposici\u00f3n videos tutoriales que los ayudar\u00e1n a realizar una publicaci\u00f3n en la nueva edici\u00f3n de la Revista del Colegio de M\u00e9dicos de Santa Fe. PLATAFORMA PARA PUBLICAR EN LA REVISTA Ingresando a esta plataforma podr\u00e1n subir y realizar una publicaci\u00f3n en la nueva edici\u00f3n [&hellip;]<\/p>\n","protected":false},"author":1,"featured_media":0,"parent":0,"menu_order":0,"comment_status":"closed","ping_status":"closed","template":"","meta":{"_uag_custom_page_level_css":"","footnotes":""},"class_list":["post-1589","page","type-page","status-publish","hentry"],"jetpack_sharing_enabled":true,"uagb_featured_image_src":{"full":false,"thumbnail":false,"medium":false,"medium_large":false,"large":false,"1536x1536":false,"2048x2048":false},"uagb_author_info":{"display_name":"admin","author_link":"https:\/\/colmedicosantafe1.org.ar\/?author=1"},"uagb_comment_info":0,"uagb_excerpt":"\u00bfC\u00d3MO PUBLICO UN ARTICULO EN LA REVISTA? Les dejamos a su disposici\u00f3n videos tutoriales que los ayudar\u00e1n a realizar una publicaci\u00f3n en la nueva edici\u00f3n de la Revista del Colegio de M\u00e9dicos de Santa Fe. PLATAFORMA PARA PUBLICAR EN LA REVISTA Ingresando a esta plataforma podr\u00e1n subir y realizar una publicaci\u00f3n en la nueva edici\u00f3n&hellip;","_links":{"self":[{"href":"https:\/\/colmedicosantafe1.org.ar\/index.php?rest_route=\/wp\/v2\/pages\/1589","targetHints":{"allow":["GET"]}}],"collection":[{"href":"https:\/\/colmedicosantafe1.org.ar\/index.php?rest_route=\/wp\/v2\/pages"}],"about":[{"href":"https:\/\/colmedicosantafe1.org.ar\/index.php?rest_route=\/wp\/v2\/types\/page"}],"author":[{"embeddable":true,"href":"https:\/\/colmedicosantafe1.org.ar\/index.php?rest_route=\/wp\/v2\/users\/1"}],"replies":[{"embeddable":true,"href":"https:\/\/colmedicosantafe1.org.ar\/index.php?rest_route=%2Fwp%2Fv2%2Fcomments&post=1589"}],"version-history":[{"count":12,"href":"https:\/\/colmedicosantafe1.org.ar\/index.php?rest_route=\/wp\/v2\/pages\/1589\/revisions"}],"predecessor-version":[{"id":4453,"href":"https:\/\/colmedicosantafe1.org.ar\/index.php?rest_route=\/wp\/v2\/pages\/1589\/revisions\/4453"}],"wp:attachment":[{"href":"https:\/\/colmedicosantafe1.org.ar\/index.php?rest_route=%2Fwp%2Fv2%2Fmedia&parent=1589"}],"curies":[{"name":"wp","href":"https:\/\/api.w.org\/{rel}","templated":true}]}}