{"id":1314,"date":"2024-12-23T08:36:14","date_gmt":"2024-12-23T11:36:14","guid":{"rendered":"https:\/\/cmsf.org.ar\/sitio\/?page_id=1314"},"modified":"2025-05-05T09:09:11","modified_gmt":"2025-05-05T12:09:11","slug":"habilitacion-y-control","status":"publish","type":"page","link":"https:\/\/colmedicosantafe1.org.ar\/?page_id=1314","title":{"rendered":"Habilitaciones"},"content":{"rendered":"\n<div style=\"height:75px\" aria-hidden=\"true\" class=\"wp-block-spacer\"><\/div>\n\n\n\n<p>Mediante el Acta N\u00b0 3045 del 28-10-2022, La Mesa Directiva del Colegio de M\u00e9dicos de la Pcia. de Santa Fe &#8211; 1era Circunscripci\u00f3n resuelve:\u2028<br>Al momento de la presentaci\u00f3n de la documental para cualquier tipo de tr\u00e1mite en el Departamento de Fiscalizaci\u00f3n. se deber\u00e1 contar con la totalidad de los requisitos solicitados, de acuerdo a lo establecido por la reglamentaci\u00f3n vigente, caso contrario no se recepcionar\u00e1.<\/p>\n\n\n\n<div style=\"height:20px\" aria-hidden=\"true\" class=\"wp-block-spacer\"><\/div>\n\n\n\n<p><\/p>\n","protected":false},"excerpt":{"rendered":"<p>Mediante el Acta N\u00b0 3045 del 28-10-2022, La Mesa Directiva del Colegio de M\u00e9dicos de la Pcia. de Santa Fe &#8211; 1era Circunscripci\u00f3n resuelve:\u2028Al momento de la presentaci\u00f3n de la documental para cualquier tipo de tr\u00e1mite en el Departamento de Fiscalizaci\u00f3n. se deber\u00e1 contar con la totalidad de los requisitos solicitados, de acuerdo a lo [&hellip;]<\/p>\n","protected":false},"author":1,"featured_media":0,"parent":0,"menu_order":0,"comment_status":"closed","ping_status":"closed","template":"habilitacion_y_control","meta":{"_uag_custom_page_level_css":"","footnotes":""},"class_list":["post-1314","page","type-page","status-publish","hentry"],"jetpack_sharing_enabled":true,"uagb_featured_image_src":{"full":false,"thumbnail":false,"medium":false,"medium_large":false,"large":false,"1536x1536":false,"2048x2048":false},"uagb_author_info":{"display_name":"admin","author_link":"https:\/\/colmedicosantafe1.org.ar\/?author=1"},"uagb_comment_info":0,"uagb_excerpt":"Mediante el Acta N\u00b0 3045 del 28-10-2022, La Mesa Directiva del Colegio de M\u00e9dicos de la Pcia. de Santa Fe &#8211; 1era Circunscripci\u00f3n resuelve:\u2028Al momento de la presentaci\u00f3n de la documental para cualquier tipo de tr\u00e1mite en el Departamento de Fiscalizaci\u00f3n. se deber\u00e1 contar con la totalidad de los requisitos solicitados, de acuerdo a lo&hellip;","_links":{"self":[{"href":"https:\/\/colmedicosantafe1.org.ar\/index.php?rest_route=\/wp\/v2\/pages\/1314","targetHints":{"allow":["GET"]}}],"collection":[{"href":"https:\/\/colmedicosantafe1.org.ar\/index.php?rest_route=\/wp\/v2\/pages"}],"about":[{"href":"https:\/\/colmedicosantafe1.org.ar\/index.php?rest_route=\/wp\/v2\/types\/page"}],"author":[{"embeddable":true,"href":"https:\/\/colmedicosantafe1.org.ar\/index.php?rest_route=\/wp\/v2\/users\/1"}],"replies":[{"embeddable":true,"href":"https:\/\/colmedicosantafe1.org.ar\/index.php?rest_route=%2Fwp%2Fv2%2Fcomments&post=1314"}],"version-history":[{"count":12,"href":"https:\/\/colmedicosantafe1.org.ar\/index.php?rest_route=\/wp\/v2\/pages\/1314\/revisions"}],"predecessor-version":[{"id":4683,"href":"https:\/\/colmedicosantafe1.org.ar\/index.php?rest_route=\/wp\/v2\/pages\/1314\/revisions\/4683"}],"wp:attachment":[{"href":"https:\/\/colmedicosantafe1.org.ar\/index.php?rest_route=%2Fwp%2Fv2%2Fmedia&parent=1314"}],"curies":[{"name":"wp","href":"https:\/\/api.w.org\/{rel}","templated":true}]}}