{"id":1127,"date":"2024-12-18T10:37:58","date_gmt":"2024-12-18T13:37:58","guid":{"rendered":"https:\/\/cmsf.org.ar\/sitio\/?page_id=1127"},"modified":"2026-03-27T11:43:32","modified_gmt":"2026-03-27T14:43:32","slug":"contacto","status":"publish","type":"page","link":"https:\/\/colmedicosantafe1.org.ar\/?page_id=1127","title":{"rendered":"Contacto"},"content":{"rendered":"\n<figure class=\"wp-block-image size-large\"><img loading=\"lazy\" decoding=\"async\" width=\"1024\" height=\"175\" src=\"https:\/\/colmedicosantafe1.org.ar\/wp-content\/uploads\/2024\/12\/contacto-1024x175.png\" alt=\"\" class=\"wp-image-1128\" srcset=\"https:\/\/colmedicosantafe1.org.ar\/wp-content\/uploads\/2024\/12\/contacto-1024x175.png 1024w, https:\/\/colmedicosantafe1.org.ar\/wp-content\/uploads\/2024\/12\/contacto-300x51.png 300w, https:\/\/colmedicosantafe1.org.ar\/wp-content\/uploads\/2024\/12\/contacto-768x131.png 768w, https:\/\/colmedicosantafe1.org.ar\/wp-content\/uploads\/2024\/12\/contacto.png 1145w\" sizes=\"auto, (max-width: 1024px) 100vw, 1024px\" \/><\/figure>\n\n\n\n<div style=\"height:75px\" aria-hidden=\"true\" class=\"wp-block-spacer\"><\/div>\n\n\n\n<div class=\"wp-block-columns is-layout-flex wp-container-core-columns-is-layout-28f84493 wp-block-columns-is-layout-flex\">\n<div class=\"wp-block-column is-layout-flow wp-block-column-is-layout-flow\" style=\"flex-basis:150%\">\n<p class=\"has-medium-font-size\"><strong>Anexo I &#8211; (9 de Julio 2482)<\/strong><\/p>\n\n\n\n<div style=\"height:12px\" aria-hidden=\"true\" class=\"wp-block-spacer\"><\/div>\n\n\n\n<p class=\"has-small-font-size\"><strong>Mesa de Entradas Anexo I<\/strong><br>9 de Julio 2482 &#8211; Santa Fe<br>WhatsApp: 342 6 302119<\/p>\n\n\n\n<div style=\"height:20px\" aria-hidden=\"true\" class=\"wp-block-spacer\"><\/div>\n\n\n\n<p class=\"has-small-font-size\"><strong>Matriculaci\u00f3n<\/strong><br>WhatsApp: 342 6 310387<br>matriculacion@cmsf.org.ar<\/p>\n\n\n\n<div style=\"height:20px\" aria-hidden=\"true\" class=\"wp-block-spacer\"><\/div>\n\n\n\n<p class=\"has-small-font-size\"><strong>Contadur\u00eda<\/strong><br>WhatsApp: 342 5 289749<br>contaduria@cmsf.org.ar&nbsp;<\/p>\n\n\n\n<div style=\"height:20px\" aria-hidden=\"true\" class=\"wp-block-spacer\"><\/div>\n\n\n\n<p class=\"has-small-font-size\"><strong>Biblioteca<\/strong><br>biblioteca@cmsf.org.ar&nbsp;<\/p>\n\n\n\n<div style=\"height:20px\" aria-hidden=\"true\" class=\"wp-block-spacer\"><\/div>\n\n\n\n<p class=\"has-small-font-size\"><strong>Habilitaciones<\/strong><br>WhatsApp: 342 5 289748<br>fiscalizacion@cmsf.org.ar\u00a0<\/p>\n\n\n\n<div style=\"height:20px\" aria-hidden=\"true\" class=\"wp-block-spacer\"><\/div>\n\n\n\n<p class=\"has-small-font-size\"><strong>Oficios<\/strong><br>oficios@cmsf.org.ar&nbsp;<\/p>\n\n\n\n<div style=\"height:20px\" aria-hidden=\"true\" class=\"wp-block-spacer\"><\/div>\n\n\n\n<p class=\"has-small-font-size\"><strong>Sistema de Ayuda Profesional<\/strong><br>WhatsApp: 342 5 289749<br>sap@cmsf.org.ar<\/p>\n\n\n\n<div style=\"height:20px\" aria-hidden=\"true\" class=\"wp-block-spacer\"><\/div>\n\n\n\n<p class=\"has-small-font-size\"><strong>Asesor\u00eda Jur\u00eddica<\/strong><br>juridica@cmsf.org.ar<\/p>\n\n\n\n<div style=\"height:20px\" aria-hidden=\"true\" class=\"wp-block-spacer\"><\/div>\n\n\n\n<p class=\"has-small-font-size\"><strong>Faltas a la \u00c9tica<\/strong><br>etica@cmsf.org.ar&nbsp;<\/p>\n<\/div>\n\n\n\n<div class=\"wp-block-column is-layout-flow wp-block-column-is-layout-flow\" style=\"flex-basis:150%\">\n<p class=\"has-medium-font-size\"><strong>Anexo III &#8211; (Av. Freyre 2448)<\/strong><\/p>\n\n\n\n<div style=\"height:12px\" aria-hidden=\"true\" class=\"wp-block-spacer\"><\/div>\n\n\n\n<p class=\"has-small-font-size\"><strong>Mesa de Entradas Anexo III &#8211;<\/strong><strong><br>Juntas M\u00e9dicas<\/strong><br>Av. Freyre 2448 &#8211; Santa Fe<br>WhatsApp: 342 6 123955<\/p>\n\n\n\n<div style=\"height:20px\" aria-hidden=\"true\" class=\"wp-block-spacer\"><\/div>\n\n\n\n<p class=\"has-small-font-size\"><strong>Comit\u00e9 de Recertificaciones<\/strong><br>WhatsApp: 342 5 289747<br>recertificacion@cmsf.org.ar&nbsp;<\/p>\n\n\n\n<div style=\"height:20px\" aria-hidden=\"true\" class=\"wp-block-spacer\"><\/div>\n\n\n\n<p class=\"has-small-font-size\"><strong>Comisi\u00f3n de Especialidades y Evaluaci\u00f3n de Servicios<\/strong><br>WhatsApp: 342 4 463666<\/p>\n\n\n\n<p class=\"has-small-font-size\">especialidades@cmsf.org.ar&nbsp;<\/p>\n\n\n\n<div style=\"height:20px\" aria-hidden=\"true\" class=\"wp-block-spacer\"><\/div>\n\n\n\n<p class=\"has-small-font-size\"><strong>Comit\u00e9 de Educaci\u00f3n M\u00e9dica de Postgrado<\/strong> <strong>y<\/strong><br><strong>Comit\u00e9 de Publicaciones<\/strong><br>WhatsApp: 342 5 289747<br>marianam@cmsf.org.ar<\/p>\n\n\n\n<div style=\"height:20px\" aria-hidden=\"true\" class=\"wp-block-spacer\"><\/div>\n\n\n\n<p class=\"has-small-font-size\"><strong>Secretaria Informes<\/strong><br>infomed@cmsf.org.ar&nbsp;<\/p>\n\n\n\n<div style=\"height:20px\" aria-hidden=\"true\" class=\"wp-block-spacer\"><\/div>\n\n\n\n<p class=\"has-small-font-size\"><strong>Sector de Inform\u00e1tica<\/strong><br>WhatsApp: 342 6 310388<br>informatica@cmsf.org.ar&nbsp;<\/p>\n\n\n\n<div style=\"height:20px\" aria-hidden=\"true\" class=\"wp-block-spacer\"><\/div>\n\n\n\n<p class=\"has-small-font-size\"><strong>Auditor\u00eda de Ambulancias<\/strong><br>WhatsApp: 342 6 123955<br>auditoriaambulancias@cmsf.org.ar\u00a0<\/p>\n\n\n\n<div style=\"height:20px\" aria-hidden=\"true\" class=\"wp-block-spacer\"><\/div>\n\n\n\n<p class=\"has-small-font-size\"><strong>Consultas Generales<\/strong><br>WhatsApp: 342 4 723666&nbsp;<\/p>\n\n\n\n<div style=\"height:20px\" aria-hidden=\"true\" class=\"wp-block-spacer\"><\/div>\n<\/div>\n<\/div>\n\n\n\n<p><\/p>\n","protected":false},"excerpt":{"rendered":"<p>Anexo I &#8211; (9 de Julio 2482) Mesa de Entradas Anexo I9 de Julio 2482 &#8211; Santa FeWhatsApp: 342 6 302119 Matriculaci\u00f3nWhatsApp: 342 6 310387matriculacion@cmsf.org.ar Contadur\u00edaWhatsApp: 342 5 289749contaduria@cmsf.org.ar&nbsp; Bibliotecabiblioteca@cmsf.org.ar&nbsp; HabilitacionesWhatsApp: 342 5 289748fiscalizacion@cmsf.org.ar\u00a0 Oficiosoficios@cmsf.org.ar&nbsp; Sistema de Ayuda ProfesionalWhatsApp: 342 5 289749sap@cmsf.org.ar Asesor\u00eda Jur\u00eddicajuridica@cmsf.org.ar Faltas a la \u00c9ticaetica@cmsf.org.ar&nbsp; Anexo III &#8211; (Av. Freyre 2448) Mesa [&hellip;]<\/p>\n","protected":false},"author":1,"featured_media":0,"parent":0,"menu_order":0,"comment_status":"closed","ping_status":"closed","template":"page-with-sidebar","meta":{"_uag_custom_page_level_css":"","footnotes":""},"class_list":["post-1127","page","type-page","status-publish","hentry"],"jetpack_sharing_enabled":true,"uagb_featured_image_src":{"full":false,"thumbnail":false,"medium":false,"medium_large":false,"large":false,"1536x1536":false,"2048x2048":false},"uagb_author_info":{"display_name":"admin","author_link":"https:\/\/colmedicosantafe1.org.ar\/?author=1"},"uagb_comment_info":0,"uagb_excerpt":"Anexo I &#8211; (9 de Julio 2482) Mesa de Entradas Anexo I9 de Julio 2482 &#8211; Santa FeWhatsApp: 342 6 302119 Matriculaci\u00f3nWhatsApp: 342 6 310387matriculacion@cmsf.org.ar Contadur\u00edaWhatsApp: 342 5 289749contaduria@cmsf.org.ar&nbsp; Bibliotecabiblioteca@cmsf.org.ar&nbsp; HabilitacionesWhatsApp: 342 5 289748fiscalizacion@cmsf.org.ar\u00a0 Oficiosoficios@cmsf.org.ar&nbsp; Sistema de Ayuda ProfesionalWhatsApp: 342 5 289749sap@cmsf.org.ar Asesor\u00eda Jur\u00eddicajuridica@cmsf.org.ar Faltas a la \u00c9ticaetica@cmsf.org.ar&nbsp; Anexo III &#8211; (Av. Freyre 2448) Mesa&hellip;","_links":{"self":[{"href":"https:\/\/colmedicosantafe1.org.ar\/index.php?rest_route=\/wp\/v2\/pages\/1127","targetHints":{"allow":["GET"]}}],"collection":[{"href":"https:\/\/colmedicosantafe1.org.ar\/index.php?rest_route=\/wp\/v2\/pages"}],"about":[{"href":"https:\/\/colmedicosantafe1.org.ar\/index.php?rest_route=\/wp\/v2\/types\/page"}],"author":[{"embeddable":true,"href":"https:\/\/colmedicosantafe1.org.ar\/index.php?rest_route=\/wp\/v2\/users\/1"}],"replies":[{"embeddable":true,"href":"https:\/\/colmedicosantafe1.org.ar\/index.php?rest_route=%2Fwp%2Fv2%2Fcomments&post=1127"}],"version-history":[{"count":16,"href":"https:\/\/colmedicosantafe1.org.ar\/index.php?rest_route=\/wp\/v2\/pages\/1127\/revisions"}],"predecessor-version":[{"id":6031,"href":"https:\/\/colmedicosantafe1.org.ar\/index.php?rest_route=\/wp\/v2\/pages\/1127\/revisions\/6031"}],"wp:attachment":[{"href":"https:\/\/colmedicosantafe1.org.ar\/index.php?rest_route=%2Fwp%2Fv2%2Fmedia&parent=1127"}],"curies":[{"name":"wp","href":"https:\/\/api.w.org\/{rel}","templated":true}]}}