{"id":1042,"date":"2024-12-17T12:39:46","date_gmt":"2024-12-17T15:39:46","guid":{"rendered":"https:\/\/cmsf.org.ar\/sitio\/?page_id=1042"},"modified":"2024-12-17T13:57:56","modified_gmt":"2024-12-17T16:57:56","slug":"colegio","status":"publish","type":"page","link":"https:\/\/colmedicosantafe1.org.ar\/?page_id=1042","title":{"rendered":"Colegio"},"content":{"rendered":"\n<figure class=\"wp-block-image size-large\"><img loading=\"lazy\" decoding=\"async\" width=\"1024\" height=\"129\" src=\"https:\/\/colmedicosantafe1.org.ar\/wp-content\/uploads\/2024\/12\/colegio-1024x129.png\" alt=\"\" class=\"wp-image-1043\" srcset=\"https:\/\/colmedicosantafe1.org.ar\/wp-content\/uploads\/2024\/12\/colegio-1024x129.png 1024w, https:\/\/colmedicosantafe1.org.ar\/wp-content\/uploads\/2024\/12\/colegio-300x38.png 300w, https:\/\/colmedicosantafe1.org.ar\/wp-content\/uploads\/2024\/12\/colegio-768x97.png 768w, https:\/\/colmedicosantafe1.org.ar\/wp-content\/uploads\/2024\/12\/colegio.png 1535w\" sizes=\"auto, (max-width: 1024px) 100vw, 1024px\" \/><\/figure>\n\n\n\n<div style=\"height:75px\" aria-hidden=\"true\" class=\"wp-block-spacer\"><\/div>\n\n\n\n<div class=\"wp-block-group is-layout-flow wp-block-group-is-layout-flow\" style=\"padding-right:0;padding-left:0\">\n<div class=\"wp-block-group is-layout-flow wp-container-core-group-is-layout-366b88b6 wp-block-group-is-layout-flow\" style=\"margin-top:0;margin-bottom:var(--wp--preset--spacing--20);padding-right:0;padding-left:0\">\n<div class=\"wp-block-columns is-layout-flex wp-container-core-columns-is-layout-f1061711 wp-block-columns-is-layout-flex\" style=\"padding-right:var(--wp--preset--spacing--20);padding-left:var(--wp--preset--spacing--20)\">\n<div class=\"wp-block-column is-layout-flow wp-block-column-is-layout-flow\" style=\"flex-basis:100%\">\n<p class=\"has-small-font-size\" style=\"margin-bottom:var(--wp--preset--spacing--10)\">El<strong> Colegio de M\u00e9dicos de la provincia de Santa Fe 1\u00aa Circunscripci\u00f3n,<\/strong> es una entidad sin fines de lucro. Es el organismo contralor del ejercicio profesional donde obtienen su matr\u00edcula los m\u00e9dicos del centro y norte de la provincia.<br>Fue fundado el 12 de mayo de 1952 y, desde entonces, los objetivos est\u00e1n orientados fundamentalmente a dignificar el ejercicio de la profesi\u00f3n m\u00e9dica en beneficio de la comunidad.<\/p>\n\n\n\n<p class=\"has-small-font-size\"><strong>FUNCIONES DEL COLEGIO<\/strong><\/p>\n\n\n\n<ul class=\"has-small-font-size wp-block-list\">\n<li>Control de matr\u00edcula.<\/li>\n\n\n\n<li>Ejercicio \u00e9tico de la profesi\u00f3n.<\/li>\n\n\n\n<li>Certificaci\u00f3n y recertificaci\u00f3n de las especialidades.<\/li>\n\n\n\n<li>Habilitaci\u00f3n y control de consultorios y servicios m\u00e9dicos sin internaci\u00f3n.<\/li>\n\n\n\n<li>Habilitaci\u00f3n y control de los sistemas de medicina por abono.<\/li>\n<\/ul>\n<\/div>\n\n\n\n<div class=\"wp-block-column is-vertically-aligned-stretch is-layout-flow wp-container-core-column-is-layout-00565434 wp-block-column-is-layout-flow\" style=\"padding-right:var(--wp--preset--spacing--10);padding-left:var(--wp--preset--spacing--10);flex-basis:90%\">\n<figure class=\"wp-block-image size-full caption-imagen\"><img loading=\"lazy\" decoding=\"async\" width=\"754\" height=\"538\" src=\"https:\/\/colmedicosantafe1.org.ar\/wp-content\/uploads\/2024\/12\/ColegioMedicosSantaFe-01-1-4.png\" alt=\"\" class=\"wp-image-1054\" srcset=\"https:\/\/colmedicosantafe1.org.ar\/wp-content\/uploads\/2024\/12\/ColegioMedicosSantaFe-01-1-4.png 754w, https:\/\/colmedicosantafe1.org.ar\/wp-content\/uploads\/2024\/12\/ColegioMedicosSantaFe-01-1-4-300x214.png 300w\" sizes=\"auto, (max-width: 754px) 100vw, 754px\" \/><figcaption class=\"wp-element-caption\"><em>Edificio Colegio de M\u00e9dicos. 1era Circunscripci\u00f3n. 9 de julio 2464, Santa Fe.<\/em><\/figcaption><\/figure>\n<\/div>\n<\/div>\n<\/div>\n\n\n\n<div class=\"wp-block-group is-layout-flow wp-block-group-is-layout-flow\" style=\"margin-top:var(--wp--preset--spacing--20);margin-bottom:0\">\n<div style=\"height:75px\" aria-hidden=\"true\" class=\"wp-block-spacer espacio_celular\"><\/div>\n\n\n\n<div class=\"wp-block-columns is-layout-flex wp-container-core-columns-is-layout-f1061711 wp-block-columns-is-layout-flex\" style=\"padding-right:var(--wp--preset--spacing--20);padding-left:var(--wp--preset--spacing--20)\">\n<div class=\"wp-block-column is-layout-flow wp-block-column-is-layout-flow\">\n<p class=\"has-small-font-size\"><strong>FINALIDADES Y ATRIBUCIONES<\/strong><br>(establecidas en el Art. 3ro. de la Ley 3950)<br>Los Colegios profesionales del Arte de Curar tienen por finalidad:<br>a) Establecer un eficaz resguardo de las actividades del Arte de Curar y el control superior en la faz moral y material del ejercicio de las distintas disciplinas que lo integran.<br>b) Propender al mejoramiento profesional en sus aspectos cient\u00edfico, cultural y econ\u00f3mico.<br>c) Fomentar el esp\u00edritu de solidaridad y las relaciones amistosas entre colegas.<br>d) Contribuir al estudio y soluci\u00f3n de los problemas que en cualquier forma afecten al ejercicio profesional y a la salud p\u00fablica.<br>\u00a0<br><strong>DE LAS ATRIBUCIONES Y DEBERES<\/strong><br>(establecidas en el Art. 8vo. inc. c, d, y f de la Ley 3950)<br>a) Autorizar para titularse especialista a los que comprueben haber perfeccionado su t\u00e9cnica y sus conocimientos, en Facultades, hospitales o instituciones afines o por estudios especializados y a\u00f1os de dedicaci\u00f3n a la materia.<br>b) Organizar y mantener al d\u00eda el registro profesional mediante un sistema de fichas en la que consten por riguroso orden todos los antecedentes profesionales de cada matriculado.<br>c) Velar por el decoro profesional y por el cumplimiento de la \u00e9tica haciendo efectuar sumarios cuando existan denuncias sobre procedimientos de los colegiados.<\/p>\n<\/div>\n<\/div>\n<\/div>\n\n\n\n<div class=\"wp-block-group is-layout-flow wp-container-core-group-is-layout-c231d47c wp-block-group-is-layout-flow\" style=\"margin-top:var(--wp--preset--spacing--10);margin-bottom:var(--wp--preset--spacing--10);padding-right:var(--wp--preset--spacing--20);padding-left:var(--wp--preset--spacing--20)\"><\/div>\n<\/div>\n\n\n\n<div style=\"height:75px\" aria-hidden=\"true\" class=\"wp-block-spacer\"><\/div>\n","protected":false},"excerpt":{"rendered":"<p>El Colegio de M\u00e9dicos de la provincia de Santa Fe 1\u00aa Circunscripci\u00f3n, es una entidad sin fines de lucro. Es el organismo contralor del ejercicio profesional donde obtienen su matr\u00edcula los m\u00e9dicos del centro y norte de la provincia.Fue fundado el 12 de mayo de 1952 y, desde entonces, los objetivos est\u00e1n orientados fundamentalmente a [&hellip;]<\/p>\n","protected":false},"author":1,"featured_media":0,"parent":0,"menu_order":0,"comment_status":"closed","ping_status":"closed","template":"","meta":{"_uag_custom_page_level_css":"","footnotes":""},"class_list":["post-1042","page","type-page","status-publish","hentry"],"jetpack_sharing_enabled":true,"uagb_featured_image_src":{"full":false,"thumbnail":false,"medium":false,"medium_large":false,"large":false,"1536x1536":false,"2048x2048":false},"uagb_author_info":{"display_name":"admin","author_link":"https:\/\/colmedicosantafe1.org.ar\/?author=1"},"uagb_comment_info":0,"uagb_excerpt":"El Colegio de M\u00e9dicos de la provincia de Santa Fe 1\u00aa Circunscripci\u00f3n, es una entidad sin fines de lucro. Es el organismo contralor del ejercicio profesional donde obtienen su matr\u00edcula los m\u00e9dicos del centro y norte de la provincia.Fue fundado el 12 de mayo de 1952 y, desde entonces, los objetivos est\u00e1n orientados fundamentalmente a&hellip;","_links":{"self":[{"href":"https:\/\/colmedicosantafe1.org.ar\/index.php?rest_route=\/wp\/v2\/pages\/1042","targetHints":{"allow":["GET"]}}],"collection":[{"href":"https:\/\/colmedicosantafe1.org.ar\/index.php?rest_route=\/wp\/v2\/pages"}],"about":[{"href":"https:\/\/colmedicosantafe1.org.ar\/index.php?rest_route=\/wp\/v2\/types\/page"}],"author":[{"embeddable":true,"href":"https:\/\/colmedicosantafe1.org.ar\/index.php?rest_route=\/wp\/v2\/users\/1"}],"replies":[{"embeddable":true,"href":"https:\/\/colmedicosantafe1.org.ar\/index.php?rest_route=%2Fwp%2Fv2%2Fcomments&post=1042"}],"version-history":[{"count":37,"href":"https:\/\/colmedicosantafe1.org.ar\/index.php?rest_route=\/wp\/v2\/pages\/1042\/revisions"}],"predecessor-version":[{"id":1096,"href":"https:\/\/colmedicosantafe1.org.ar\/index.php?rest_route=\/wp\/v2\/pages\/1042\/revisions\/1096"}],"wp:attachment":[{"href":"https:\/\/colmedicosantafe1.org.ar\/index.php?rest_route=%2Fwp%2Fv2%2Fmedia&parent=1042"}],"curies":[{"name":"wp","href":"https:\/\/api.w.org\/{rel}","templated":true}]}}